{"id":7493,"date":"2019-07-01T09:29:19","date_gmt":"2019-07-01T09:29:19","guid":{"rendered":"https:\/\/automanaiacar.com\/?page_id=7493"},"modified":"2019-11-13T15:47:42","modified_gmt":"2019-11-13T15:47:42","slug":"empresa","status":"publish","type":"page","link":"https:\/\/automanaiacar.com\/site\/empresa\/","title":{"rendered":"Empresa"},"content":{"rendered":"<p>[vc_row][vc_column]\t<div id=\"cd_space_69fb2687a7e77\" class=\"cd-space cd-space-69fb2687a7e90\" data-id=\"69fb2687a7e76\" data-tablet=\"70\" data-tablet-portrait=\"60\" data-mobile=\"50\" data-mobile-portrait=\"40\" data-desktop=\"80\" style=\"clear:both; display:block;\"><\/div>\n\t     <div class=\"section-title text-center style_1\">\n    \t\t\t\t\t<span>Bem-vindo \u00e0<\/span>\n\t\t\t\t\t\t\t<h1>AutoManaiaCar S.A.<\/h1>\n\t\t\t\t\t\t\t<div class=\"separator\"><\/div>\n\t\t\t\t\t\t\t<p>A Auto Manaiacar, S.A., \u00e9 uma empresa familiar que labora <strong>no mercado desde 1985<\/strong>, tendo como principal atividade, o com\u00e9rcio de ve\u00edculos pesados, tanto ao n\u00edvel nacional como internacional.<\/p>\n\t\t\t      <\/div>\n        [vc_row_inner][vc_column_inner offset=&#8221;vc_col-lg-6 vc_col-md-6&#8243; css=&#8221;.vc_custom_1486703717203{margin-bottom: 30px !important;}&#8221;]     \n    <div class='owl-carousel' \n    data-nav-arrow='true' \n    data-nav-dots='false'     \n    data-md-items='1' \n    data-sm-items='1' \n    data-xs-items='1' \n    data-xx-items='1' \n    data-space='0'\n    data-autoplay='true'\n    data-loop='true'\n    data-lazyLoad='1'>\n    \n                    <div class=\"item\">\n                                    <img class=\"center-block cardealer-lazy-load owl-lazy\" src=\"https:\/\/automanaiacar.com\/site\/wp-content\/plugins\/\/cardealer-helper-library\/images\/loader.gif\" data-src=\"https:\/\/automanaiacar.com\/site\/wp-content\/uploads\/2019\/07\/poster-video-automanaiacar-3.jpg\" alt=\"\">\n                            <\/div>\n                        <div class=\"item\">\n                                    <img class=\"center-block cardealer-lazy-load owl-lazy\" src=\"https:\/\/automanaiacar.com\/site\/wp-content\/plugins\/\/cardealer-helper-library\/images\/loader.gif\" data-src=\"https:\/\/automanaiacar.com\/site\/wp-content\/uploads\/2019\/07\/poster-video-automanaiacar-2.jpg\" alt=\"\">\n                            <\/div>\n                  \n    <\/div>      \n    [\/vc_column_inner][vc_column_inner offset=&#8221;vc_col-lg-6 vc_col-md-6&#8243; css=&#8221;.vc_custom_1486703728748{margin-bottom: 30px !important;}&#8221;][vc_column_text]Ao longo dos anos, a experiencia e compet\u00eancia que adquirimos t\u00eam-nos permitido fornecer aos nossos clientes, a melhor escolha ao n\u00edvel de viaturas de excel\u00eancia, bem como servi\u00e7os complementares baseados no rigor e transpar\u00eancia profissional que incutimos nos nossos profissionais.<\/p>\n<p>Somos uma empresa que nos dedicamos \u00e0 compra e venda de todo o tipo de viaturas pesadas, tais como, cami\u00f5es, tratores, reboques e semi-reboques, das marcas mais conceituadas no mercado dos pesados. Tratamos de todo o processo de documenta\u00e7\u00e3o, prepara\u00e7\u00e3o de viaturas e financiamento, conforme acordado com os nossos parceiros aquando adjudica\u00e7\u00e3o do neg\u00f3cio.<\/p>\n<p>Se quer conhecer um parceiro de confian\u00e7a no ramo do comercio de viaturas pesadas, visite-nos.[\/vc_column_text][\/vc_column_inner][\/vc_row_inner]\t<div id=\"cd_space_69fb2687a8189\" class=\"cd-space cd-space-69fb2687a818d\" data-id=\"69fb2687a8188\" data-tablet=\"50\" data-tablet-portrait=\"50\" data-mobile=\"50\" data-mobile-portrait=\"40\" data-desktop=\"60\" style=\"clear:both; display:block;\"><\/div>\n\t[\/vc_column][\/vc_row][vc_row full_width=&#8221;stretch_row&#8221; parallax=&#8221;content-moving&#8221; parallax_image=&#8221;7427&#8243; parallax_speed_bg=&#8221;2.5&#8243; cd_bg_type=&#8221;row-background-dark&#8221;][vc_column]\t<div id=\"cd_space_69fb2687a81a2\" class=\"cd-space cd-space-69fb2687a81a3\" data-id=\"69fb2687a81a1\" data-tablet=\"70\" data-tablet-portrait=\"60\" data-mobile=\"50\" data-mobile-portrait=\"40\" data-desktop=\"80\" style=\"clear:both; display:block;\"><\/div>\n\t[vc_row_inner][vc_column_inner width=&#8221;1\/2&#8243; css=&#8221;.vc_custom_1486714185506{margin-bottom: 30px !important;}&#8221; offset=&#8221;vc_col-lg-3 vc_col-md-3&#8243;]\t\t<div class=\"counter clearfix counter-style-4 left-separator\"> \n\t\t\t<div class=\"separator\"><\/div>\n\t\t\t<div class=\"info\">\n\t\t\t\t<h6>Stock de ve\u00edculos pesados<\/h6>\n\t\t\t\t<i class=\"fa fa-truck\"><\/i>\n\t\t\t\t<b class=\"timer\" data-to=\"150\" data-speed=\"10000\"><\/b>\n\t\t\t<\/div>\n\t\t<\/div>\n\t[\/vc_column_inner][vc_column_inner width=&#8221;1\/2&#8243; css=&#8221;.vc_custom_1486714194276{margin-bottom: 30px !important;}&#8221; offset=&#8221;vc_col-lg-3 vc_col-md-3&#8243;]\t\t<div class=\"counter clearfix counter-style-4 left-separator\"> \n\t\t\t<div class=\"separator\"><\/div>\n\t\t\t<div class=\"info\">\n\t\t\t\t<h6>Ve\u00edculos pesados vendidos<\/h6>\n\t\t\t\t<i class=\"glyph-icon flaticon-cup\"><\/i>\n\t\t\t\t<b class=\"timer\" data-to=\"5100\" data-speed=\"10000\"><\/b>\n\t\t\t<\/div>\n\t\t<\/div>\n\t[\/vc_column_inner][vc_column_inner width=&#8221;1\/2&#8243; css=&#8221;.vc_custom_1486714204925{margin-bottom: 30px !important;}&#8221; offset=&#8221;vc_col-lg-3 vc_col-md-2&#8243;]\t\t<div class=\"counter clearfix counter-style-4 left-separator\"> \n\t\t\t<div class=\"separator\"><\/div>\n\t\t\t<div class=\"info\">\n\t\t\t\t<h6>Clientes por todo o mundo<\/h6>\n\t\t\t\t<i class=\"glyph-icon flaticon-circle\"><\/i>\n\t\t\t\t<b class=\"timer\" data-to=\"3200\" data-speed=\"10000\"><\/b>\n\t\t\t<\/div>\n\t\t<\/div>\n\t[\/vc_column_inner][vc_column_inner width=&#8221;1\/2&#8243; css=&#8221;.vc_custom_1486714216135{margin-bottom: 30px !important;}&#8221; offset=&#8221;vc_col-lg-3 vc_col-md-3&#8243;]\t\t<div class=\"counter clearfix counter-style-4 left-separator\"> \n\t\t\t<div class=\"separator\"><\/div>\n\t\t\t<div class=\"info\">\n\t\t\t\t<h6>Espa\u00e7o total (m2)<\/h6>\n\t\t\t\t<i class=\"fa fa-building-o\"><\/i>\n\t\t\t\t<b class=\"timer\" data-to=\"22000\" data-speed=\"10000\"><\/b>\n\t\t\t<\/div>\n\t\t<\/div>\n\t[\/vc_column_inner][\/vc_row_inner]\t<div id=\"cd_space_69fb2687a821e\" class=\"cd-space cd-space-69fb2687a821f\" data-id=\"69fb2687a821d\" data-tablet=\"50\" data-tablet-portrait=\"50\" data-mobile=\"50\" data-mobile-portrait=\"40\" data-desktop=\"50\" style=\"clear:both; display:block;\"><\/div>\n\t[\/vc_column][\/vc_row][vc_row full_width=&#8221;stretch_row&#8221; css=&#8221;.vc_custom_1486729270932{background-position: center !important;background-repeat: no-repeat !important;background-size: cover !important;}&#8221;][vc_column]\t<div id=\"cd_space_69fb2687a8230\" class=\"cd-space cd-space-69fb2687a8231\" data-id=\"69fb2687a822f\" data-tablet=\"70\" data-tablet-portrait=\"60\" data-mobile=\"50\" data-mobile-portrait=\"40\" data-desktop=\"80\" style=\"clear:both; display:block;\"><\/div>\n\t     <div class=\"section-title text-center style_1\">\n    \t\t\t\t\t<span><\/span>\n\t\t\t\t\t\t\t<h1>VISITE-NOS!<\/h1>\n\t\t\t\t\t\t\t<div class=\"separator\"><\/div>\n\t\t\t\t\t\t\t<p><\/p>\n<p style=\"text-align: center;\">Na Auto Manaiacar, S.A. encontrar\u00e1 um stock diversificado de ve\u00edculos pesados, num espa\u00e7o total de 22.000m2 com cerca de 200 ve\u00edculos em parque.<\/p>\n<p style=\"text-align: center;\">Atrav\u00e9s da nossa experiencia e know-how, a nossa miss\u00e3o \u00e9 proporcionar bens e servi\u00e7os de qualidade que permitam a total satisfa\u00e7\u00e3o dos nossos clientes.<\/p>\n<p><\/p>\n\t\t\t      <\/div>\n        [vc_row_inner][vc_column_inner width=&#8221;2\/3&#8243; css=&#8221;.vc_custom_1486789975397{margin-bottom: 50px !important;}&#8221;]<div role=\"form\" class=\"wpcf7\" id=\"wpcf7-f7637-o1\" lang=\"en-US\" dir=\"ltr\">\n<div class=\"screen-reader-response\"><p role=\"status\" aria-live=\"polite\" aria-atomic=\"true\"><\/p> <ul><\/ul><\/div>\n<form action=\"\/site\/wp-json\/wp\/v2\/pages\/7493#wpcf7-f7637-o1\" method=\"post\" class=\"wpcf7-form init\" novalidate=\"novalidate\" data-status=\"init\">\n<div style=\"display: none;\">\n<input type=\"hidden\" name=\"_wpcf7\" value=\"7637\" \/>\n<input type=\"hidden\" name=\"_wpcf7_version\" value=\"5.3.2\" \/>\n<input type=\"hidden\" name=\"_wpcf7_locale\" value=\"en_US\" \/>\n<input type=\"hidden\" name=\"_wpcf7_unit_tag\" value=\"wpcf7-f7637-o1\" \/>\n<input type=\"hidden\" name=\"_wpcf7_container_post\" value=\"0\" \/>\n<input type=\"hidden\" name=\"_wpcf7_posted_data_hash\" value=\"\" \/>\n<input type=\"hidden\" name=\"_wpcf7_recaptcha_response\" value=\"\" \/>\n<\/div>\n<div class=\"contact-form row\">\n<div class=\"col-lg-4 col-md-4\">\n<div class=\"form-group\">\n\t\t\t<span class=\"wpcf7-form-control-wrap nome\"><input type=\"text\" name=\"nome\" value=\"\" size=\"40\" class=\"wpcf7-form-control wpcf7-text wpcf7-validates-as-required form-control\" aria-required=\"true\" aria-invalid=\"false\" placeholder=\"Nome*\" \/><\/span>\n\t\t<\/div><\/div>\n<div class=\"col-lg-4 col-md-4\">\n<div class=\"form-group\">\n\t\t\t<span class=\"wpcf7-form-control-wrap email\"><input type=\"email\" name=\"email\" value=\"\" size=\"40\" class=\"wpcf7-form-control wpcf7-text wpcf7-email wpcf7-validates-as-required wpcf7-validates-as-email form-control\" aria-required=\"true\" aria-invalid=\"false\" placeholder=\"Email*\" \/><\/span>\n\t\t<\/div><\/div>\n<div class=\"col-lg-4 col-md-4\">\n<div class=\"form-group\">\n\t\t\t<span class=\"wpcf7-form-control-wrap phone\"><input type=\"text\" name=\"phone\" value=\"\" size=\"40\" class=\"wpcf7-form-control wpcf7-text wpcf7-validates-as-required form-control input-message\" aria-required=\"true\" aria-invalid=\"false\" placeholder=\"Contacto telef\u00f3nico*\" \/><\/span>\n\t\t<\/div><\/div>\n<div class=\"col-lg-12 col-md-12\">\n<div class=\"form-group\">\n\t\t\t<span class=\"wpcf7-form-control-wrap subject\"><input type=\"text\" name=\"subject\" value=\"\" size=\"40\" class=\"wpcf7-form-control wpcf7-text wpcf7-validates-as-required form-control\" aria-required=\"true\" aria-invalid=\"false\" placeholder=\"Assunto*\" \/><\/span>\n\t\t<\/div><\/div>\n<div class=\"col-lg-12 col-md-12\">\n<div class=\"form-group\">\n\t\t\t<span class=\"wpcf7-form-control-wrap comment\"><textarea name=\"comment\" cols=\"40\" rows=\"10\" class=\"wpcf7-form-control wpcf7-textarea wpcf7-validates-as-required form-control\" aria-required=\"true\" aria-invalid=\"false\" placeholder=\"Mensagem*\"><\/textarea><\/span>\n\t\t<\/div><\/div>\n<p>                      <span class=\"wpcf7-form-control-wrap aceitar-politica-privacidade\"><span class=\"wpcf7-form-control wpcf7-acceptance\"><span class=\"wpcf7-list-item\"><label><input type=\"checkbox\" name=\"aceitar-politica-privacidade\" value=\"1\" aria-invalid=\"false\" \/><span class=\"wpcf7-list-item-label\">Li e aceito a <a href=\"https:\/\/automanaiacar.com\/site\/politica-de-privacidade\/\" target=\"_blank\">pol\u00edtica de privacidade<\/a> e prote\u00e7\u00e3o de dados pessoais da AutoManaiaCar. *<\/span><\/label><\/span><\/span><\/span><br \/>\n                      <span class=\"wpcf7-form-control-wrap autorizar-recolha-dados\"><span class=\"wpcf7-form-control wpcf7-acceptance\"><span class=\"wpcf7-list-item\"><label><input type=\"checkbox\" name=\"autorizar-recolha-dados\" value=\"1\" aria-invalid=\"false\" \/><span class=\"wpcf7-list-item-label\">Autorizo a utiliza\u00e7\u00e3o dos dados recolhidos para ser contactado no \u00e2mbito deste assunto. *<\/span><\/label><\/span><\/span><\/span><br \/>\n<br><\/p>\n<div class=\"col-lg-12 col-md-12\">\n\t\t   <input type=\"submit\" value=\"Enviar\" class=\"wpcf7-form-control wpcf7-submit button red\" \/>\n\t<\/div>\n<\/div>\n<div class=\"wpcf7-response-output\" aria-hidden=\"true\"><\/div><\/form><\/div>[\/vc_column_inner][vc_column_inner width=&#8221;1\/6&#8243; css=&#8221;.vc_custom_1571736472926{margin-bottom: 50px !important;background-color: #dadada !important;}&#8221;][vc_column_text css=&#8221;.vc_custom_1571765250011{padding-top: 25px !important;padding-right: 25px !important;padding-bottom: 25px !important;padding-left: 25px !important;}&#8221;]<span style=\"font-family: oswald; font-weight: normal; font-size: 20px; line-height: -5px; color: #002856;\">Funcionamento<br \/>\n____<\/span><br \/>\n<span style=\"font-family: oswald; font-weight: normal; font-size: 14px; line-height: 22px;\">Segunda-Feira<br \/>\nTer\u00e7a-Feira<br \/>\nQuarta-Feira<br \/>\nQuinta-Feira<br \/>\nSexta-Feira<br \/>\nS\u00e1bado<br \/>\nDomingo<\/span>[\/vc_column_text][\/vc_column_inner][vc_column_inner width=&#8221;1\/6&#8243; css=&#8221;.vc_custom_1571765211518{background-color: #dadada !important;}&#8221;][vc_column_text css=&#8221;.vc_custom_1571765196120{padding-top: 25px !important;padding-right: 25px !important;padding-bottom: 25px !important;padding-left: 25px !important;}&#8221;]<span style=\"font-family: oswald; font-weight: normal; font-size: 20px; line-height: -5px; color: #002856;\">Hor\u00e1rio<br \/>\n____<\/span><br \/>\n<span style=\"font-family: oswald; font-weight: normal; font-size: 14px; line-height: 22px;\">das 9h \u00e1s 18h<br \/>\ndas 9h \u00e1s 18h<br \/>\ndas 9h \u00e1s 18h<br \/>\ndas 9h \u00e1s 18h<br \/>\ndas 9h \u00e1s 17:30h<br \/>\ndas 9h \u00e0s 12h<br \/>\nFechado<\/span>[\/vc_column_text][\/vc_column_inner][\/vc_row_inner]\t<div id=\"cd_space_69fb2687a8ae0\" class=\"cd-space cd-space-69fb2687a8ae5\" data-id=\"69fb2687a8adf\" data-tablet=\"70\" data-tablet-portrait=\"60\" data-mobile=\"50\" data-mobile-portrait=\"40\" data-desktop=\"80\" style=\"clear:both; display:block;\"><\/div>\n\t[\/vc_column][\/vc_row]<\/p>\n","protected":false},"excerpt":{"rendered":"<p>[vc_row][vc_column][vc_row_inner][vc_column_inner offset=&#8221;vc_col-lg-6 vc_col-md-6&#8243; css=&#8221;.vc_custom_1486703717203{margin-bottom: 30px !important;}&#8221;][\/vc_column_inner][vc_column_inner offset=&#8221;vc_col-lg-6 vc_col-md-6&#8243; css=&#8221;.vc_custom_1486703728748{margin-bottom: 30px !important;}&#8221;][vc_column_text]Ao longo dos anos, a experiencia e compet\u00eancia que adquirimos t\u00eam-nos permitido fornecer aos nossos clientes, a melhor escolha ao n\u00edvel de viaturas de excel\u00eancia, bem como servi\u00e7os complementares baseados no rigor e transpar\u00eancia profissional que incutimos nos nossos profissionais. Somos uma empresa que nos [&hellip;]<\/p>\n","protected":false},"author":2,"featured_media":0,"parent":0,"menu_order":0,"comment_status":"closed","ping_status":"closed","template":"templates\/page-vc_compatible.php","meta":[],"yst_prominent_words":[501,499,497,496,500,498,516,506,504,517,507,511,513,510,505,512,508],"_links":{"self":[{"href":"https:\/\/automanaiacar.com\/site\/wp-json\/wp\/v2\/pages\/7493"}],"collection":[{"href":"https:\/\/automanaiacar.com\/site\/wp-json\/wp\/v2\/pages"}],"about":[{"href":"https:\/\/automanaiacar.com\/site\/wp-json\/wp\/v2\/types\/page"}],"author":[{"embeddable":true,"href":"https:\/\/automanaiacar.com\/site\/wp-json\/wp\/v2\/users\/2"}],"replies":[{"embeddable":true,"href":"https:\/\/automanaiacar.com\/site\/wp-json\/wp\/v2\/comments?post=7493"}],"version-history":[{"count":0,"href":"https:\/\/automanaiacar.com\/site\/wp-json\/wp\/v2\/pages\/7493\/revisions"}],"wp:attachment":[{"href":"https:\/\/automanaiacar.com\/site\/wp-json\/wp\/v2\/media?parent=7493"}],"wp:term":[{"taxonomy":"yst_prominent_words","embeddable":true,"href":"https:\/\/automanaiacar.com\/site\/wp-json\/wp\/v2\/yst_prominent_words?post=7493"}],"curies":[{"name":"wp","href":"https:\/\/api.w.org\/{rel}","templated":true}]}}