{"id":7523,"date":"2019-07-01T16:30:27","date_gmt":"2019-07-01T16:30:27","guid":{"rendered":"https:\/\/automanaiacar.com\/?page_id=7523"},"modified":"2019-10-29T15:17:06","modified_gmt":"2019-10-29T15:17:06","slug":"servicos","status":"publish","type":"page","link":"https:\/\/automanaiacar.com\/site\/servicos\/","title":{"rendered":"Servi\u00e7os"},"content":{"rendered":"<p>[vc_row][vc_column]\t<div id=\"cd_space_69fb26738bea5\" class=\"cd-space cd-space-69fb26738beae\" data-id=\"69fb26738bea3\" data-tablet=\"70\" data-tablet-portrait=\"60\" data-mobile=\"50\" data-mobile-portrait=\"40\" data-desktop=\"80\" style=\"clear:both; display:block;\"><\/div>\n\t[vc_column_text]<\/p>\n<p style=\"text-align: center;\">A Auto \u2013 Manaiacar S.A., tem como objetivo proporcionar um conjunto de servi\u00e7os de excel\u00eancia, no \u00e2mbito da sua atividade a todos os parceiros e clientes. Entre os nossos servi\u00e7os destacamos alguns que consideramos importantes:<\/p>\n<p>[\/vc_column_text]\t<div id=\"cd_space_69fb26738bed2\" class=\"cd-space cd-space-69fb26738bed4\" data-id=\"69fb26738bed1\" data-tablet=\"70\" data-tablet-portrait=\"60\" data-mobile=\"50\" data-mobile-portrait=\"40\" data-desktop=\"80\" style=\"clear:both; display:block;\"><\/div>\n\t     <div class=\"section-title text-center style_1\">\n    \t\t\t\t\t<span><\/span>\n\t\t\t\t\t\t\t<h2>1 | Servi\u00e7os de Transporte*<\/h2>\n\t\t\t\t\t\t\t<div class=\"separator\"><\/div>\n\t\t\t      <\/div>\n        [vc_row_inner][vc_column_inner width=&#8221;1\/2&#8243;]\t<div id=\"cd_feature_box_cd_feature_box_69fb26738bf16\" class=\"feature-box feature-border style-10 left-align\">\n\t\t\t\t\t\t<img class=\"img-responsive center-block\" src=\"https:\/\/automanaiacar.com\/site\/wp-content\/uploads\/2019\/07\/servicos-transporte-via-terrestre-automanaiacar-1.jpg\" alt=\"\">\n\t\t\t\t\t<div class=\"icon\">\n            <i class=\"fa fa-road\"><\/i>\n        <\/div>\n        <div class=\"content\">\n            <a  id=\"cd_feature_box_69fb26738bf16\">        \t\t\n        \t\t<h6>Por via terrestre<\/h6>        \t<\/a>\n                    <\/div>\n    <\/div>\n\t[\/vc_column_inner][vc_column_inner width=&#8221;1\/2&#8243;]\t<div id=\"cd_feature_box_cd_feature_box_69fb26738c0e3\" class=\"feature-box feature-border style-10 left-align\">\n\t\t\t\t\t\t<img class=\"img-responsive center-block\" src=\"https:\/\/automanaiacar.com\/site\/wp-content\/uploads\/2019\/07\/servicos-transporte-via-terrestre-automanaiacar.jpg\" alt=\"\">\n\t\t\t\t\t<div class=\"icon\">\n            <i class=\"fa fa-ship\"><\/i>\n        <\/div>\n        <div class=\"content\">\n            <a  id=\"cd_feature_box_69fb26738c0e3\">        \t\t\n        \t\t<h6>Por via mar\u00edtima<\/h6>        \t<\/a>\n                    <\/div>\n    <\/div>\n\t[\/vc_column_inner][\/vc_row_inner]\t<div id=\"cd_space_69fb26738c28c\" class=\"cd-space cd-space-69fb26738c290\" data-id=\"69fb26738c28b\" data-tablet=\"70\" data-tablet-portrait=\"60\" data-mobile=\"50\" data-mobile-portrait=\"40\" data-desktop=\"80\" style=\"clear:both; display:block;\"><\/div>\n\t[\/vc_column][\/vc_row][vc_row el_class=&#8221;box-border services-line&#8221;][vc_column]     <div class=\"section-title text-center style_1\">\n    \t\t\t\t\t<span><\/span>\n\t\t\t\t\t\t\t<h2>2 | Servi\u00e7os de Documenta\u00e7\u00e3o Autom\u00f3vel*<\/h2>\n\t\t\t\t\t\t\t<div class=\"separator\"><\/div>\n\t\t\t      <\/div>\n        [vc_row_inner][vc_column_inner width=&#8221;1\/3&#8243;]\t<div id=\"cd_feature_box_cd_feature_box_69fb26738c2c6\" class=\"feature-box feature-border style-4 default-feature no-image\">\n\t\t\t\t<div class=\"icon\">\n            <i class=\"glyph-icon flaticon-inspection\"><\/i>\n        <\/div>\n        <div class=\"content\">\n            <a  id=\"cd_feature_box_69fb26738c2c6\">        \t\t\n        \t\t<h6>Registo Inicial e Legaliza\u00e7\u00e3o de viaturas;<\/h6>        \t<\/a>\n                    <\/div>\n    <\/div>\n\t[\/vc_column_inner][vc_column_inner width=&#8221;1\/3&#8243;]\t<div id=\"cd_feature_box_cd_feature_box_69fb26738c2e2\" class=\"feature-box feature-border style-4 default-feature no-image\">\n\t\t\t\t<div class=\"icon\">\n            <i class=\"glyph-icon flaticon-wallet\"><\/i>\n        <\/div>\n        <div class=\"content\">\n            <a  id=\"cd_feature_box_69fb26738c2e2\">        \t\t\n        \t\t<h6>Despacho Aduaneiro e Certifica\u00e7\u00e3o de Sa\u00edda referente \u00e0 exporta\u00e7\u00e3o de viaturas;<\/h6>        \t<\/a>\n                    <\/div>\n    <\/div>\n\t[\/vc_column_inner][vc_column_inner width=&#8221;1\/3&#8243;]\t<div id=\"cd_feature_box_cd_feature_box_69fb26738c2f6\" class=\"feature-box feature-border style-4 default-feature no-image\">\n\t\t\t\t<div class=\"icon\">\n            <i class=\"glyph-icon flaticon-social\"><\/i>\n        <\/div>\n        <div class=\"content\">\n            <a  id=\"cd_feature_box_69fb26738c2f6\">        \t\t\n        \t\t<h6>Registo de Transfer\u00eancia de Propriedade da viatura;<\/h6>        \t<\/a>\n                    <\/div>\n    <\/div>\n\t[\/vc_column_inner][\/vc_row_inner][vc_row_inner][vc_column_inner width=&#8221;1\/3&#8243;]\t<div id=\"cd_feature_box_cd_feature_box_69fb26738c307\" class=\"feature-box feature-border style-4 default-feature no-image\">\n\t\t\t\t<div class=\"icon\">\n            <i class=\"glyph-icon flaticon-volskwagen-van\"><\/i>\n        <\/div>\n        <div class=\"content\">\n            <a  id=\"cd_feature_box_69fb26738c307\">        \t\t\n        \t\t<h6>Registo de altera\u00e7\u00f5es a fazer \u00e0 viatura diante do IMTT;<\/h6>        \t<\/a>\n                    <\/div>\n    <\/div>\n\t[\/vc_column_inner][vc_column_inner width=&#8221;1\/3&#8243;]\t<div id=\"cd_feature_box_cd_feature_box_69fb26738c316\" class=\"feature-box feature-border style-4 default-feature no-image\">\n\t\t\t\t<div class=\"icon\">\n            <i class=\"glyph-icon flaticon-gearstick\"><\/i>\n        <\/div>\n        <div class=\"content\">\n            <a  id=\"cd_feature_box_69fb26738c316\">        \t\t\n        \t\t<h6>Processo e Abate de viaturas em fim de vida;<\/h6>        \t<\/a>\n                    <\/div>\n    <\/div>\n\t[\/vc_column_inner][vc_column_inner width=&#8221;1\/3&#8243;]\t<div id=\"cd_feature_box_cd_feature_box_69fb26738c325\" class=\"feature-box feature-border style-4 default-feature no-image\">\n\t\t\t\t<div class=\"icon\">\n            <i class=\"glyph-icon flaticon-key\"><\/i>\n        <\/div>\n        <div class=\"content\">\n            <a  id=\"cd_feature_box_69fb26738c325\">        \t\t\n        \t\t<h6>Disponibilizamos todos os modelos de documentos.<\/h6>        \t<\/a>\n                    <\/div>\n    <\/div>\n\t[\/vc_column_inner][\/vc_row_inner]\t<div id=\"cd_space_69fb26738c336\" class=\"cd-space cd-space-69fb26738c338\" data-id=\"69fb26738c335\" data-tablet=\"70\" data-tablet-portrait=\"60\" data-mobile=\"50\" data-mobile-portrait=\"40\" data-desktop=\"80\" style=\"clear:both; display:block;\"><\/div>\n\t[\/vc_column][\/vc_row][vc_row full_width=&#8221;stretch_row&#8221; parallax=&#8221;content-moving&#8221; parallax_image=&#8221;7741&#8243; cd_bg_type=&#8221;row-background-dark&#8221; cd_overlay_opacity=&#8221;70&#8243; cd_enable_overlay=&#8221;true&#8221; cd_overlay_color=&#8221;#192743&#8243;][vc_column]\t<div id=\"cd_space_69fb26738c346\" class=\"cd-space cd-space-69fb26738c347\" data-id=\"69fb26738c345\" data-tablet=\"70\" data-tablet-portrait=\"60\" data-mobile=\"50\" data-mobile-portrait=\"40\" data-desktop=\"80\" style=\"clear:both; display:block;\"><\/div>\n\t[vc_column_text]<\/p>\n<h2 style=\"text-align: center;\">3 | Abate de Viaturas em fim de vida<\/h2>\n<p>[\/vc_column_text]\t<div id=\"cd_space_69fb26738c354\" class=\"cd-space cd-space-69fb26738c355\" data-id=\"69fb26738c353\" data-tablet=\"70\" data-tablet-portrait=\"60\" data-mobile=\"50\" data-mobile-portrait=\"40\" data-desktop=\"80\" style=\"clear:both; display:block;\"><\/div>\n\t[vc_column_text]<\/p>\n<h2 style=\"text-align: center;\">4 | Com\u00e9rcio de pe\u00e7as usadas<\/h2>\n<p>[\/vc_column_text]\t<div id=\"cd_space_69fb26738c361\" class=\"cd-space cd-space-69fb26738c362\" data-id=\"69fb26738c360\" data-tablet=\"70\" data-tablet-portrait=\"60\" data-mobile=\"50\" data-mobile-portrait=\"40\" data-desktop=\"80\" style=\"clear:both; display:block;\"><\/div>\n\t[vc_column_text]<\/p>\n<h2 style=\"text-align: center;\">5 | Financiamento Banc\u00e1rio ao n\u00edvel de Leasing<\/h2>\n<p>[\/vc_column_text]\t<div id=\"cd_space_69fb26738c36e\" class=\"cd-space cd-space-69fb26738c36f\" data-id=\"69fb26738c36d\" data-tablet=\"70\" data-tablet-portrait=\"60\" data-mobile=\"50\" data-mobile-portrait=\"40\" data-desktop=\"80\" style=\"clear:both; display:block;\"><\/div>\n\t[\/vc_column][\/vc_row][vc_row][vc_column]\t<div id=\"cd_space_69fb26738c37b\" class=\"cd-space cd-space-69fb26738c37c\" data-id=\"69fb26738c37a\" data-tablet=\"70\" data-tablet-portrait=\"60\" data-mobile=\"50\" data-mobile-portrait=\"40\" data-desktop=\"80\" style=\"clear:both; display:block;\"><\/div>\n\t     <div class=\"section-title text-center style_1\">\n    \t\t\t\t\t<span><\/span>\n\t\t\t\t\t\t\t<h2>6 | Servi\u00e7os de Oficina*<\/h2>\n\t\t\t\t\t\t\t<div class=\"separator\"><\/div>\n\t\t\t      <\/div>\n        [vc_row_inner][vc_column_inner width=&#8221;1\/2&#8243; css=&#8221;.vc_custom_1486734660903{margin-bottom: 30px !important;}&#8221;][vc_column_text css=&#8221;.vc_custom_1562000348505{margin-top: 10px !important;margin-bottom: 25px !important;}&#8221;]<\/p>\n<h5>Providenciamos os melhores servi\u00e7os de oficina<\/h5>\n<p>Se necessita de servi\u00e7os de oficina como mec\u00e2nica, chaparia, pintura, decora\u00e7\u00e3o e personaliza\u00e7\u00e3o de viaturas ou transforma\u00e7\u00f5es ao n\u00edvel da carro\u00e7aria, por favor entre em contacto connosco.[\/vc_column_text]\t<ul class=\"list\">\n\t\t\t\t\t\t<li><i class=\"fa fa-check\"><\/i> <span>Mec\u00e2nica;<\/span><\/li>\n\t\t\t\t\t\t\t\t<li><i class=\"fa fa-check\"><\/i> <span>Chaparia;<\/span><\/li>\n\t\t\t\t\t\t\t\t<li><i class=\"fa fa-check\"><\/i> <span>Pintura;<\/span><\/li>\n\t\t\t\t\t\t\t\t<li><i class=\"fa fa-check\"><\/i> <span>Decora\u00e7\u00e3o e Personaliza\u00e7\u00e3o de viaturas;<\/span><\/li>\n\t\t\t\t\t\t\t\t<li><i class=\"fa fa-check\"><\/i> <span>Transforma\u00e7\u00f5es ao n\u00edvel da carro\u00e7aria;<\/span><\/li>\n\t\t\t\t\t<\/ul>\n\t[\/vc_column_inner][vc_column_inner width=&#8221;1\/2&#8243; css=&#8221;.vc_custom_1486734668617{margin-bottom: 30px !important;}&#8221;][vc_single_image image=&#8221;7742&#8243; img_size=&#8221;full&#8221;][\/vc_column_inner][\/vc_row_inner]\t<div id=\"cd_space_69fb26738c3ca\" class=\"cd-space cd-space-69fb26738c3cb\" data-id=\"69fb26738c3c9\" data-tablet=\"40\" data-tablet-portrait=\"30\" data-mobile=\"20\" data-mobile-portrait=\"10\" data-desktop=\"50\" style=\"clear:both; display:block;\"><\/div>\n\t[\/vc_column][\/vc_row][vc_row full_width=&#8221;stretch_row&#8221; cd_bg_type=&#8221;row-background-dark&#8221; css=&#8221;.vc_custom_1562600846545{background-color: #192743 !important;}&#8221;][vc_column]\t<div id=\"cd_space_69fb26738c3d6\" class=\"cd-space cd-space-69fb26738c3d7\" data-id=\"69fb26738c3d5\" data-tablet=\"70\" data-tablet-portrait=\"60\" data-mobile=\"50\" data-mobile-portrait=\"40\" data-desktop=\"80\" style=\"clear:both; display:block;\"><\/div>\n\t[vc_column_text]<\/p>\n<h5 style=\"text-align: center;\">*Apenas relacionados com a nossa atividade principal no \u00e2mbito do com\u00e9rcio de viaturas.<\/h5>\n<p>[\/vc_column_text]\t<div id=\"cd_space_69fb26738c3e2\" class=\"cd-space cd-space-69fb26738c3e3\" data-id=\"69fb26738c3e1\" data-tablet=\"40\" data-tablet-portrait=\"30\" data-mobile=\"20\" data-mobile-portrait=\"10\" data-desktop=\"80\" style=\"clear:both; display:block;\"><\/div>\n\t[\/vc_column][\/vc_row][vc_row full_width=&#8221;stretch_row&#8221; css=&#8221;.vc_custom_1486729270932{background-position: center !important;background-repeat: no-repeat !important;background-size: cover !important;}&#8221;][vc_column]\t<div id=\"cd_space_69fb26738c3ed\" class=\"cd-space cd-space-69fb26738c3ee\" data-id=\"69fb26738c3ec\" data-tablet=\"70\" data-tablet-portrait=\"60\" data-mobile=\"50\" data-mobile-portrait=\"40\" data-desktop=\"80\" style=\"clear:both; display:block;\"><\/div>\n\t     <div class=\"section-title text-center style_1\">\n    \t\t\t\t\t<span><\/span>\n\t\t\t\t\t\t\t<h1>Precisa de ajuda?<\/h1>\n\t\t\t\t\t\t\t<div class=\"separator\"><\/div>\n\t\t\t\t\t\t\t<p><\/p>\n<p style=\"text-align: center;\">Esclare\u00e7a aqui todas as suas d\u00favidas, n\u00f3s entraremos em contacto consigo.<\/p>\n<p><\/p>\n\t\t\t      <\/div>\n        [vc_row_inner][vc_column_inner css=&#8221;.vc_custom_1486789975397{margin-bottom: 50px !important;}&#8221;]<div role=\"form\" class=\"wpcf7\" id=\"wpcf7-f7637-o1\" lang=\"en-US\" dir=\"ltr\">\n<div class=\"screen-reader-response\"><p role=\"status\" aria-live=\"polite\" aria-atomic=\"true\"><\/p> <ul><\/ul><\/div>\n<form action=\"\/site\/wp-json\/wp\/v2\/pages\/7523#wpcf7-f7637-o1\" method=\"post\" class=\"wpcf7-form init\" novalidate=\"novalidate\" data-status=\"init\">\n<div style=\"display: none;\">\n<input type=\"hidden\" name=\"_wpcf7\" value=\"7637\" \/>\n<input type=\"hidden\" name=\"_wpcf7_version\" value=\"5.3.2\" \/>\n<input type=\"hidden\" name=\"_wpcf7_locale\" value=\"en_US\" \/>\n<input type=\"hidden\" name=\"_wpcf7_unit_tag\" value=\"wpcf7-f7637-o1\" \/>\n<input type=\"hidden\" name=\"_wpcf7_container_post\" value=\"0\" \/>\n<input type=\"hidden\" name=\"_wpcf7_posted_data_hash\" value=\"\" \/>\n<input type=\"hidden\" name=\"_wpcf7_recaptcha_response\" value=\"\" \/>\n<\/div>\n<div class=\"contact-form row\">\n<div class=\"col-lg-4 col-md-4\">\n<div class=\"form-group\">\n\t\t\t<span class=\"wpcf7-form-control-wrap nome\"><input type=\"text\" name=\"nome\" value=\"\" size=\"40\" class=\"wpcf7-form-control wpcf7-text wpcf7-validates-as-required form-control\" aria-required=\"true\" aria-invalid=\"false\" placeholder=\"Nome*\" \/><\/span>\n\t\t<\/div><\/div>\n<div class=\"col-lg-4 col-md-4\">\n<div class=\"form-group\">\n\t\t\t<span class=\"wpcf7-form-control-wrap email\"><input type=\"email\" name=\"email\" value=\"\" size=\"40\" class=\"wpcf7-form-control wpcf7-text wpcf7-email wpcf7-validates-as-required wpcf7-validates-as-email form-control\" aria-required=\"true\" aria-invalid=\"false\" placeholder=\"Email*\" \/><\/span>\n\t\t<\/div><\/div>\n<div class=\"col-lg-4 col-md-4\">\n<div class=\"form-group\">\n\t\t\t<span class=\"wpcf7-form-control-wrap phone\"><input type=\"text\" name=\"phone\" value=\"\" size=\"40\" class=\"wpcf7-form-control wpcf7-text wpcf7-validates-as-required form-control input-message\" aria-required=\"true\" aria-invalid=\"false\" placeholder=\"Contacto telef\u00f3nico*\" \/><\/span>\n\t\t<\/div><\/div>\n<div class=\"col-lg-12 col-md-12\">\n<div class=\"form-group\">\n\t\t\t<span class=\"wpcf7-form-control-wrap subject\"><input type=\"text\" name=\"subject\" value=\"\" size=\"40\" class=\"wpcf7-form-control wpcf7-text wpcf7-validates-as-required form-control\" aria-required=\"true\" aria-invalid=\"false\" placeholder=\"Assunto*\" \/><\/span>\n\t\t<\/div><\/div>\n<div class=\"col-lg-12 col-md-12\">\n<div class=\"form-group\">\n\t\t\t<span class=\"wpcf7-form-control-wrap comment\"><textarea name=\"comment\" cols=\"40\" rows=\"10\" class=\"wpcf7-form-control wpcf7-textarea wpcf7-validates-as-required form-control\" aria-required=\"true\" aria-invalid=\"false\" placeholder=\"Mensagem*\"><\/textarea><\/span>\n\t\t<\/div><\/div>\n<p>                      <span class=\"wpcf7-form-control-wrap aceitar-politica-privacidade\"><span class=\"wpcf7-form-control wpcf7-acceptance\"><span class=\"wpcf7-list-item\"><label><input type=\"checkbox\" name=\"aceitar-politica-privacidade\" value=\"1\" aria-invalid=\"false\" \/><span class=\"wpcf7-list-item-label\">Li e aceito a <a href=\"https:\/\/automanaiacar.com\/site\/politica-de-privacidade\/\" target=\"_blank\">pol\u00edtica de privacidade<\/a> e prote\u00e7\u00e3o de dados pessoais da AutoManaiaCar. *<\/span><\/label><\/span><\/span><\/span><br \/>\n                      <span class=\"wpcf7-form-control-wrap autorizar-recolha-dados\"><span class=\"wpcf7-form-control wpcf7-acceptance\"><span class=\"wpcf7-list-item\"><label><input type=\"checkbox\" name=\"autorizar-recolha-dados\" value=\"1\" aria-invalid=\"false\" \/><span class=\"wpcf7-list-item-label\">Autorizo a utiliza\u00e7\u00e3o dos dados recolhidos para ser contactado no \u00e2mbito deste assunto. *<\/span><\/label><\/span><\/span><\/span><br \/>\n<br><\/p>\n<div class=\"col-lg-12 col-md-12\">\n\t\t   <input type=\"submit\" value=\"Enviar\" class=\"wpcf7-form-control wpcf7-submit button red\" \/>\n\t<\/div>\n<\/div>\n<div class=\"wpcf7-response-output\" aria-hidden=\"true\"><\/div><\/form><\/div>[\/vc_column_inner][\/vc_row_inner]\t<div id=\"cd_space_69fb26738ca19\" class=\"cd-space cd-space-69fb26738ca1d\" data-id=\"69fb26738ca18\" data-tablet=\"70\" data-tablet-portrait=\"60\" data-mobile=\"50\" data-mobile-portrait=\"40\" data-desktop=\"80\" style=\"clear:both; display:block;\"><\/div>\n\t[\/vc_column][\/vc_row]<\/p>\n","protected":false},"excerpt":{"rendered":"<p>[vc_row][vc_column][vc_column_text] A Auto \u2013 Manaiacar S.A., tem como objetivo proporcionar um conjunto de servi\u00e7os de excel\u00eancia, no \u00e2mbito da sua atividade a todos os parceiros e clientes. Entre os nossos servi\u00e7os destacamos alguns que consideramos importantes: [\/vc_column_text][vc_row_inner][vc_column_inner width=&#8221;1\/2&#8243;][\/vc_column_inner][vc_column_inner width=&#8221;1\/2&#8243;][\/vc_column_inner][\/vc_row_inner][\/vc_column][\/vc_row][vc_row el_class=&#8221;box-border services-line&#8221;][vc_column][vc_row_inner][vc_column_inner width=&#8221;1\/3&#8243;][\/vc_column_inner][vc_column_inner width=&#8221;1\/3&#8243;][\/vc_column_inner][vc_column_inner width=&#8221;1\/3&#8243;][\/vc_column_inner][\/vc_row_inner][vc_row_inner][vc_column_inner width=&#8221;1\/3&#8243;][\/vc_column_inner][vc_column_inner width=&#8221;1\/3&#8243;][\/vc_column_inner][vc_column_inner width=&#8221;1\/3&#8243;][\/vc_column_inner][\/vc_row_inner][\/vc_column][\/vc_row][vc_row full_width=&#8221;stretch_row&#8221; parallax=&#8221;content-moving&#8221; parallax_image=&#8221;7741&#8243; cd_bg_type=&#8221;row-background-dark&#8221; cd_overlay_opacity=&#8221;70&#8243; cd_enable_overlay=&#8221;true&#8221; cd_overlay_color=&#8221;#192743&#8243;][vc_column][vc_column_text] 3 [&hellip;]<\/p>\n","protected":false},"author":2,"featured_media":0,"parent":0,"menu_order":0,"comment_status":"closed","ping_status":"closed","template":"templates\/page-vc_compatible.php","meta":[],"yst_prominent_words":[],"_links":{"self":[{"href":"https:\/\/automanaiacar.com\/site\/wp-json\/wp\/v2\/pages\/7523"}],"collection":[{"href":"https:\/\/automanaiacar.com\/site\/wp-json\/wp\/v2\/pages"}],"about":[{"href":"https:\/\/automanaiacar.com\/site\/wp-json\/wp\/v2\/types\/page"}],"author":[{"embeddable":true,"href":"https:\/\/automanaiacar.com\/site\/wp-json\/wp\/v2\/users\/2"}],"replies":[{"embeddable":true,"href":"https:\/\/automanaiacar.com\/site\/wp-json\/wp\/v2\/comments?post=7523"}],"version-history":[{"count":0,"href":"https:\/\/automanaiacar.com\/site\/wp-json\/wp\/v2\/pages\/7523\/revisions"}],"wp:attachment":[{"href":"https:\/\/automanaiacar.com\/site\/wp-json\/wp\/v2\/media?parent=7523"}],"wp:term":[{"taxonomy":"yst_prominent_words","embeddable":true,"href":"https:\/\/automanaiacar.com\/site\/wp-json\/wp\/v2\/yst_prominent_words?post=7523"}],"curies":[{"name":"wp","href":"https:\/\/api.w.org\/{rel}","templated":true}]}}