{"id":7556,"date":"2019-07-01T17:20:08","date_gmt":"2019-07-01T17:20:08","guid":{"rendered":"https:\/\/automanaiacar.com\/?page_id=7556"},"modified":"2026-03-24T16:26:07","modified_gmt":"2026-03-24T16:26:07","slug":"contactos","status":"publish","type":"page","link":"https:\/\/automanaiacar.com\/site\/contactos\/","title":{"rendered":"Contactos"},"content":{"rendered":"<p>[vc_row][vc_column]\t<div id=\"cd_space_69fb2672b8fa9\" class=\"cd-space cd-space-69fb2672b8fc5\" data-id=\"69fb2672b8fa8\" data-tablet=\"70\" data-tablet-portrait=\"60\" data-mobile=\"50\" data-mobile-portrait=\"40\" data-desktop=\"80\" style=\"clear:both; display:block;\"><\/div>\n\t     <div class=\"section-title text-center style_1\">\n    \t\t\t\t\t<span>Visite-nos, estamos \u00e0 sua espera!<\/span>\n\t\t\t\t\t\t\t<h1>Conecte-se connosco<\/h1>\n\t\t\t\t\t\t\t<div class=\"separator\"><\/div>\n\t\t\t      <\/div>\n        [\/vc_column][\/vc_row][vc_row css=&#8221;.vc_custom_1571415021953{margin-top: -60px !important;}&#8221;][vc_column width=&#8221;1\/2&#8243; css=&#8221;.vc_custom_1571415086441{background-color: #002856 !important;}&#8221;][vc_row_inner css=&#8221;.vc_custom_1571416638126{padding-top: 50px !important;padding-right: 50px !important;padding-bottom: 50px !important;padding-left: 50px !important;}&#8221;][vc_column_inner width=&#8221;1\/2&#8243; css=&#8221;.vc_custom_1571666888453{padding-top: 10px !important;}&#8221;][vc_column_text css=&#8221;.vc_custom_1774369557851{padding-top: 65px !important;}&#8221;]<\/p>\n<p style=\"text-align: left;\"><span style=\"color: white; font-family: oswald;\"><span style=\"font-size: 35px; letter-spacing: 0.5px;\">Contactos comerciais:<\/span><\/span><\/p>\n<p><span style=\"font-family: oswald; font-weight: normal; font-size: 18px; color: #fff; line-height: 28px;\">Roberto Ferreira<br \/>\n(+351) 926 651 057<\/span><\/p>\n<p><span style=\"font-family: oswald; font-weight: normal; font-size: 18px; color: #fff; line-height: 28px;\">Joaquim Couto<br \/>\n(+351) 969 090 094<\/span><br \/>\n<span style=\"font-size: 12px;\">(Chamada para a rede m\u00f3vel nacional)<\/span>[\/vc_column_text][vc_empty_space height=&#8221;46px&#8221;][\/vc_column_inner][vc_column_inner width=&#8221;1\/2&#8243;][\/vc_column_inner][\/vc_row_inner][\/vc_column][vc_column width=&#8221;1\/2&#8243; css=&#8221;.vc_custom_1571666955286{margin-left: 50px !important;padding-bottom: 10px !important;background-color: #002856 !important;}&#8221;][vc_row_inner css=&#8221;.vc_custom_1571419747116{padding-top: 50px !important;padding-right: 50px !important;padding-bottom: -7px !important;padding-left: 50px !important;}&#8221;][vc_column_inner width=&#8221;1\/2&#8243; css=&#8221;.vc_custom_1571654362177{padding-top: 15px !important;}&#8221;]\t<div id=\"cd_feature_box_cd_feature_box_69fb2672b9022\" class=\"feature-box feature-border style-4 default-feature box-hover no-image\">\n\t\t\t\t<div class=\"icon\">\n            <i class=\"fa fa-map-marker\"><\/i>\n        <\/div>\n        <div class=\"content\">\n            <a  id=\"cd_feature_box_69fb2672b9022\">        \t\t\n        \t\t<h6>Localiza\u00e7\u00e3o<\/h6>        \t<\/a>\n            <p>Rua da Zona Industrial, N\u00ba 639<br \/>\nZona Industrial do Roligo, Lote 37<br \/>\nApartado 3002<br \/>\n4520-115 Santa Maria da Feira - Portugal<\/p>        <\/div>\n    <\/div>\n\t[\/vc_column_inner][vc_column_inner width=&#8221;1\/2&#8243; css=&#8221;.vc_custom_1571654406067{padding-top: 15px !important;padding-left: 15px !important;}&#8221;]\t<div id=\"cd_feature_box_cd_feature_box_69fb2672b9081\" class=\"feature-box feature-border style-4 default-feature box-hover no-image\">\n\t\t\t\t<div class=\"icon\">\n            <i class=\"fa fa-phone\"><\/i>\n        <\/div>\n        <div class=\"content\">\n            <a  id=\"cd_feature_box_69fb2672b9081\">        \t\t\n        \t\t<h6>Contactos<\/h6>        \t<\/a>\n            <p>Tel: (+351) 256 370 700<br \/>\nFax: (+351) 256 370 709<br \/>\n(Chamada para a rede fixa nacional)<br \/>\nEmail: geral@automanaiacar.com<\/p>        <\/div>\n    <\/div>\n\t[\/vc_column_inner][\/vc_row_inner][\/vc_column][\/vc_row][vc_row css=&#8221;.vc_custom_1571415027385{margin-top: -60px !important;}&#8221;][vc_column]\t<div id=\"cd_space_69fb2672b90a7\" class=\"cd-space cd-space-69fb2672b90aa\" data-id=\"69fb2672b90a6\" data-tablet=\"50\" data-tablet-portrait=\"40\" data-mobile=\"30\" data-mobile-portrait=\"20\" data-desktop=\"60\" style=\"clear:both; display:block;\"><\/div>\n\t[vc_row_inner][vc_column_inner width=&#8221;5\/6&#8243; css=&#8221;.vc_custom_1486988381236{margin-bottom: 30px !important;}&#8221; offset=&#8221;vc_col-lg-8 vc_col-md-6&#8243;]<div role=\"form\" class=\"wpcf7\" id=\"wpcf7-f7637-o1\" lang=\"en-US\" dir=\"ltr\">\n<div class=\"screen-reader-response\"><p role=\"status\" aria-live=\"polite\" aria-atomic=\"true\"><\/p> <ul><\/ul><\/div>\n<form action=\"\/site\/wp-json\/wp\/v2\/pages\/7556#wpcf7-f7637-o1\" method=\"post\" class=\"wpcf7-form init\" novalidate=\"novalidate\" data-status=\"init\">\n<div style=\"display: none;\">\n<input type=\"hidden\" name=\"_wpcf7\" value=\"7637\" \/>\n<input type=\"hidden\" name=\"_wpcf7_version\" value=\"5.3.2\" \/>\n<input type=\"hidden\" name=\"_wpcf7_locale\" value=\"en_US\" \/>\n<input type=\"hidden\" name=\"_wpcf7_unit_tag\" value=\"wpcf7-f7637-o1\" \/>\n<input type=\"hidden\" name=\"_wpcf7_container_post\" value=\"0\" \/>\n<input type=\"hidden\" name=\"_wpcf7_posted_data_hash\" value=\"\" \/>\n<input type=\"hidden\" name=\"_wpcf7_recaptcha_response\" value=\"\" \/>\n<\/div>\n<div class=\"contact-form row\">\n<div class=\"col-lg-4 col-md-4\">\n<div class=\"form-group\">\n\t\t\t<span class=\"wpcf7-form-control-wrap nome\"><input type=\"text\" name=\"nome\" value=\"\" size=\"40\" class=\"wpcf7-form-control wpcf7-text wpcf7-validates-as-required form-control\" aria-required=\"true\" aria-invalid=\"false\" placeholder=\"Nome*\" \/><\/span>\n\t\t<\/div><\/div>\n<div class=\"col-lg-4 col-md-4\">\n<div class=\"form-group\">\n\t\t\t<span class=\"wpcf7-form-control-wrap email\"><input type=\"email\" name=\"email\" value=\"\" size=\"40\" class=\"wpcf7-form-control wpcf7-text wpcf7-email wpcf7-validates-as-required wpcf7-validates-as-email form-control\" aria-required=\"true\" aria-invalid=\"false\" placeholder=\"Email*\" \/><\/span>\n\t\t<\/div><\/div>\n<div class=\"col-lg-4 col-md-4\">\n<div class=\"form-group\">\n\t\t\t<span class=\"wpcf7-form-control-wrap phone\"><input type=\"text\" name=\"phone\" value=\"\" size=\"40\" class=\"wpcf7-form-control wpcf7-text wpcf7-validates-as-required form-control input-message\" aria-required=\"true\" aria-invalid=\"false\" placeholder=\"Contacto telef\u00f3nico*\" \/><\/span>\n\t\t<\/div><\/div>\n<div class=\"col-lg-12 col-md-12\">\n<div class=\"form-group\">\n\t\t\t<span class=\"wpcf7-form-control-wrap subject\"><input type=\"text\" name=\"subject\" value=\"\" size=\"40\" class=\"wpcf7-form-control wpcf7-text wpcf7-validates-as-required form-control\" aria-required=\"true\" aria-invalid=\"false\" placeholder=\"Assunto*\" \/><\/span>\n\t\t<\/div><\/div>\n<div class=\"col-lg-12 col-md-12\">\n<div class=\"form-group\">\n\t\t\t<span class=\"wpcf7-form-control-wrap comment\"><textarea name=\"comment\" cols=\"40\" rows=\"10\" class=\"wpcf7-form-control wpcf7-textarea wpcf7-validates-as-required form-control\" aria-required=\"true\" aria-invalid=\"false\" placeholder=\"Mensagem*\"><\/textarea><\/span>\n\t\t<\/div><\/div>\n<p>                      <span class=\"wpcf7-form-control-wrap aceitar-politica-privacidade\"><span class=\"wpcf7-form-control wpcf7-acceptance\"><span class=\"wpcf7-list-item\"><label><input type=\"checkbox\" name=\"aceitar-politica-privacidade\" value=\"1\" aria-invalid=\"false\" \/><span class=\"wpcf7-list-item-label\">Li e aceito a <a href=\"https:\/\/automanaiacar.com\/site\/politica-de-privacidade\/\" target=\"_blank\">pol\u00edtica de privacidade<\/a> e prote\u00e7\u00e3o de dados pessoais da AutoManaiaCar. *<\/span><\/label><\/span><\/span><\/span><br \/>\n                      <span class=\"wpcf7-form-control-wrap autorizar-recolha-dados\"><span class=\"wpcf7-form-control wpcf7-acceptance\"><span class=\"wpcf7-list-item\"><label><input type=\"checkbox\" name=\"autorizar-recolha-dados\" value=\"1\" aria-invalid=\"false\" \/><span class=\"wpcf7-list-item-label\">Autorizo a utiliza\u00e7\u00e3o dos dados recolhidos para ser contactado no \u00e2mbito deste assunto. *<\/span><\/label><\/span><\/span><\/span><br \/>\n<br><\/p>\n<div class=\"col-lg-12 col-md-12\">\n\t\t   <input type=\"submit\" value=\"Enviar\" class=\"wpcf7-form-control wpcf7-submit button red\" \/>\n\t<\/div>\n<\/div>\n<div class=\"wpcf7-response-output\" aria-hidden=\"true\"><\/div><\/form><\/div>[\/vc_column_inner][vc_column_inner width=&#8221;1\/6&#8243; css=&#8221;.vc_custom_1571765465550{background-color: #dadada !important;}&#8221;][vc_column_text css=&#8221;.vc_custom_1571765419581{padding-top: 25px !important;padding-right: 25px !important;padding-bottom: 25px !important;padding-left: 25px !important;}&#8221;]<span style=\"font-family: oswald; font-weight: normal; font-size: 20px; line-height: -5px; color: #002856;\">Funcionamento:<br \/>\n____<\/span><br \/>\n<span style=\"font-family: oswald; font-weight: normal; font-size: 14px; line-height: 22px;\">Segunda-Feira<br \/>\nTer\u00e7a-Feira<br \/>\nQuarta-Feira<br \/>\nQuinta-Feira<br \/>\nSexta-Feira<br \/>\nS\u00e1bado<br \/>\nDomingo<\/span>[\/vc_column_text][\/vc_column_inner][vc_column_inner width=&#8221;1\/6&#8243; css=&#8221;.vc_custom_1571765472123{background-color: #dadada !important;}&#8221;][vc_column_text css=&#8221;.vc_custom_1571765439096{padding-top: 25px !important;padding-right: 25px !important;padding-bottom: 25px !important;padding-left: 25px !important;}&#8221;]<span style=\"font-family: oswald; font-weight: normal; font-size: 20px; line-height: -5px; color: #002856;\">Hor\u00e1rio:<br \/>\n____<\/span><br \/>\n<span style=\"font-family: oswald; font-weight: normal; font-size: 14px; line-height: 22px;\">das 9h \u00e1s 18h<br \/>\ndas 9h \u00e1s 18h<br \/>\ndas 9h \u00e1s 18h<br \/>\ndas 9h \u00e1s 18h<br \/>\ndas 9h \u00e1s 17:30h<br \/>\ndas 9h \u00e0s 12h<br \/>\nFechado<\/span>[\/vc_column_text][\/vc_column_inner][\/vc_row_inner]\t<div id=\"cd_space_69fb2672b959d\" class=\"cd-space cd-space-69fb2672b95a1\" data-id=\"69fb2672b959c\" data-tablet=\"50\" data-tablet-portrait=\"50\" data-mobile=\"50\" data-mobile-portrait=\"40\" data-desktop=\"50\" style=\"clear:both; display:block;\"><\/div>\n\t[\/vc_column][\/vc_row][vc_row full_width=&#8221;stretch_row_content_no_spaces&#8221; css=&#8221;.vc_custom_1571396298877{margin-top: -60px !important;}&#8221;][vc_column][vc_column_text]<\/p>\n<h1 style=\"text-align: center;\">Em frente \u00e0 A1 <img style=\"width: 50px;\" src=\"https:\/\/automanaiacar.com\/site\/wp-content\/uploads\/2019\/10\/autoestrada-a1-automanaiacar.png\" \/>, sa\u00edda n\u00ba 18 \u2013 Feira<br \/>\nCerca de 30 min. at\u00e9 o Aeroporto do Porto<\/h1>\n<p>[\/vc_column_text][vc_empty_space][vc_gmaps link=&#8221;#E-8_JTNDaWZyYW1lJTIwc3JjJTNEJTIyaHR0cHMlM0ElMkYlMkZ3d3cuZ29vZ2xlLmNvbSUyRm1hcHMlMkZlbWJlZCUzRnBiJTNEJTIxMW0xNCUyMTFtOCUyMTFtMyUyMTFkMTIwNTkuMDMzNDA5ODkyNjElMjEyZC04LjU2OTQ2NyUyMTNkNDAuOTIxMDQ0JTIxM20yJTIxMWkxMDI0JTIxMmk3NjglMjE0ZjEzLjElMjEzbTMlMjExbTIlMjExczB4MCUyNTNBMHg1NGNlZjBhM2UyMjk2MjU2JTIxMnNBdXRvJTJCTWFuYWlhY2FyJTI1MkMlMkJTLkEuJTIxNWUwJTIxM20yJTIxMXNwdC1QVCUyMTJzcHQlMjE0djE1NjIwMDE5NzYzMjAlMjE1bTIlMjExc3B0LVBUJTIxMnNwdCUyMiUyMHdpZHRoJTNEJTIyNjAwJTIyJTIwaGVpZ2h0JTNEJTIyNDUwJTIyJTIwZnJhbWVib3JkZXIlM0QlMjIwJTIyJTIwc3R5bGUlM0QlMjJib3JkZXIlM0EwJTIyJTIwYWxsb3dmdWxsc2NyZWVuJTNFJTNDJTJGaWZyYW1lJTNF&#8221;][\/vc_column][\/vc_row]<\/p>\n","protected":false},"excerpt":{"rendered":"<p>[vc_row][vc_column][\/vc_column][\/vc_row][vc_row css=&#8221;.vc_custom_1571415021953{margin-top: -60px !important;}&#8221;][vc_column width=&#8221;1\/2&#8243; css=&#8221;.vc_custom_1571415086441{background-color: #002856 !important;}&#8221;][vc_row_inner css=&#8221;.vc_custom_1571416638126{padding-top: 50px !important;padding-right: 50px !important;padding-bottom: 50px !important;padding-left: 50px !important;}&#8221;][vc_column_inner width=&#8221;1\/2&#8243; css=&#8221;.vc_custom_1571666888453{padding-top: 10px !important;}&#8221;][vc_column_text css=&#8221;.vc_custom_1774369557851{padding-top: 65px !important;}&#8221;] Contactos comerciais: Roberto Ferreira (+351) 926 651 057 Joaquim Couto (+351) 969 090 094 (Chamada para a rede m\u00f3vel nacional)[\/vc_column_text][vc_empty_space height=&#8221;46px&#8221;][\/vc_column_inner][vc_column_inner width=&#8221;1\/2&#8243;][\/vc_column_inner][\/vc_row_inner][\/vc_column][vc_column width=&#8221;1\/2&#8243; css=&#8221;.vc_custom_1571666955286{margin-left: 50px !important;padding-bottom: 10px !important;background-color: #002856 !important;}&#8221;][vc_row_inner css=&#8221;.vc_custom_1571419747116{padding-top: [&hellip;]<\/p>\n","protected":false},"author":2,"featured_media":0,"parent":0,"menu_order":0,"comment_status":"closed","ping_status":"closed","template":"templates\/page-vc_compatible.php","meta":[],"yst_prominent_words":[501,499,497,496,500,498],"_links":{"self":[{"href":"https:\/\/automanaiacar.com\/site\/wp-json\/wp\/v2\/pages\/7556"}],"collection":[{"href":"https:\/\/automanaiacar.com\/site\/wp-json\/wp\/v2\/pages"}],"about":[{"href":"https:\/\/automanaiacar.com\/site\/wp-json\/wp\/v2\/types\/page"}],"author":[{"embeddable":true,"href":"https:\/\/automanaiacar.com\/site\/wp-json\/wp\/v2\/users\/2"}],"replies":[{"embeddable":true,"href":"https:\/\/automanaiacar.com\/site\/wp-json\/wp\/v2\/comments?post=7556"}],"version-history":[{"count":10,"href":"https:\/\/automanaiacar.com\/site\/wp-json\/wp\/v2\/pages\/7556\/revisions"}],"predecessor-version":[{"id":24775,"href":"https:\/\/automanaiacar.com\/site\/wp-json\/wp\/v2\/pages\/7556\/revisions\/24775"}],"wp:attachment":[{"href":"https:\/\/automanaiacar.com\/site\/wp-json\/wp\/v2\/media?parent=7556"}],"wp:term":[{"taxonomy":"yst_prominent_words","embeddable":true,"href":"https:\/\/automanaiacar.com\/site\/wp-json\/wp\/v2\/yst_prominent_words?post=7556"}],"curies":[{"name":"wp","href":"https:\/\/api.w.org\/{rel}","templated":true}]}}