{"id":7638,"date":"2019-07-04T13:16:07","date_gmt":"2019-07-04T13:16:07","guid":{"rendered":"https:\/\/automanaiacar.com\/?page_id=7638"},"modified":"2019-10-29T15:17:24","modified_gmt":"2019-10-29T15:17:24","slug":"proposta-de-venda","status":"publish","type":"page","link":"https:\/\/automanaiacar.com\/site\/proposta-de-venda\/","title":{"rendered":"Proposta de Venda"},"content":{"rendered":"<p>[vc_row][vc_column]     <div class=\"section-title text-center style_1\">\n    \t\t\t\t\t<span><\/span>\n\t\t\t\t\t\t\t<h1>Compramos o seu cami\u00e3o<\/h1>\n\t\t\t\t\t\t\t<div class=\"separator\"><\/div>\n\t\t\t\t\t\t\t<p>A Auto-Manaiacar compra o seu cami\u00e3o. Independentemente da marca, da idade ou da carro\u00e7aria, fale com a nossa equipa se tiver um cami\u00e3o para vender. <\/p>\n\t\t\t      <\/div>\n        [\/vc_column][\/vc_row][vc_row][vc_column]<div role=\"form\" class=\"wpcf7\" id=\"wpcf7-f7641-o1\" lang=\"en-US\" dir=\"ltr\">\n<div class=\"screen-reader-response\"><p role=\"status\" aria-live=\"polite\" aria-atomic=\"true\"><\/p> <ul><\/ul><\/div>\n<form action=\"\/site\/wp-json\/wp\/v2\/pages\/7638#wpcf7-f7641-o1\" method=\"post\" class=\"wpcf7-form init\" enctype=\"multipart\/form-data\" novalidate=\"novalidate\" data-status=\"init\">\n<div style=\"display: none;\">\n<input type=\"hidden\" name=\"_wpcf7\" value=\"7641\" \/>\n<input type=\"hidden\" name=\"_wpcf7_version\" value=\"5.3.2\" \/>\n<input type=\"hidden\" name=\"_wpcf7_locale\" value=\"en_US\" \/>\n<input type=\"hidden\" name=\"_wpcf7_unit_tag\" value=\"wpcf7-f7641-o1\" \/>\n<input type=\"hidden\" name=\"_wpcf7_container_post\" value=\"0\" \/>\n<input type=\"hidden\" name=\"_wpcf7_posted_data_hash\" value=\"\" \/>\n<input type=\"hidden\" name=\"_wpcf7_recaptcha_response\" value=\"\" \/>\n<\/div>\n<h3>Dados do Ve\u00edculo \/ Vendedor<\/h3>\n<div class=\"contact-form row\">\n<div class=\"col-lg-4 col-md-4\">\n<div class=\"form-group\">\n                      <span class=\"wpcf7-form-control-wrap tipo-de-veiculo\"><select name=\"tipo-de-veiculo\" class=\"wpcf7-form-control wpcf7-select wpcf7-validates-as-required\" aria-required=\"true\" aria-invalid=\"false\"><option value=\"Tipo de Ve\u00edculo*\">Tipo de Ve\u00edculo*<\/option><option value=\"Trator\">Trator<\/option><option value=\"Cami\u00e3o\">Cami\u00e3o<\/option><option value=\"Cami\u00e3o-Grua\">Cami\u00e3o-Grua<\/option><option value=\"Basculante\">Basculante<\/option><option value=\"Betoneira\">Betoneira<\/option><option value=\"Semi-Reboque\">Semi-Reboque<\/option><option value=\"Reboque\">Reboque<\/option><option value=\"M\u00e1quinas e Equipamentos Diversos\">M\u00e1quinas e Equipamentos Diversos<\/option><\/select><\/span>\n\t\t<\/div><\/div>\n<div class=\"col-lg-4 col-md-4\">\n<div class=\"form-group\">\n                      <span class=\"wpcf7-form-control-wrap marca\"><input type=\"text\" name=\"marca\" value=\"\" size=\"40\" class=\"wpcf7-form-control wpcf7-text wpcf7-validates-as-required form-control\" aria-required=\"true\" aria-invalid=\"false\" placeholder=\"Marca*\" \/><\/span>\n\t\t<\/div><\/div>\n<\/div>\n<div class=\"contact-form row\">\n<div class=\"col-lg-4 col-md-4\">\n<div class=\"form-group\">\n\t\t\t<span class=\"wpcf7-form-control-wrap nome\"><input type=\"text\" name=\"nome\" value=\"\" size=\"40\" class=\"wpcf7-form-control wpcf7-text wpcf7-validates-as-required form-control\" aria-required=\"true\" aria-invalid=\"false\" placeholder=\"Nome*\" \/><\/span>\n\t\t<\/div><\/div>\n<div class=\"col-lg-4 col-md-4\">\n<div class=\"form-group\">\n\t\t\t<span class=\"wpcf7-form-control-wrap contacto-telefonico\"><input type=\"text\" name=\"contacto-telefonico\" value=\"\" size=\"40\" class=\"wpcf7-form-control wpcf7-text wpcf7-validates-as-required form-control input-message\" aria-required=\"true\" aria-invalid=\"false\" placeholder=\"Contacto Telef\u00f3nico*\" \/><\/span>\n\t\t<\/div><\/div>\n<div class=\"col-lg-4 col-md-4\">\n<div class=\"form-group\">\n\t\t\t<span class=\"wpcf7-form-control-wrap your-email\"><input type=\"text\" name=\"your-email\" value=\"\" size=\"40\" class=\"wpcf7-form-control wpcf7-text wpcf7-validates-as-required form-control\" aria-required=\"true\" aria-invalid=\"false\" placeholder=\"Email*\" \/><\/span>\n\t\t<\/div><\/div>\n<div class=\"col-lg-12 col-md-12\">\n<div class=\"form-group\">\n\t\t\t<span class=\"wpcf7-form-control-wrap observations\"><textarea name=\"observations\" cols=\"40\" rows=\"10\" class=\"wpcf7-form-control wpcf7-textarea form-control\" aria-invalid=\"false\" placeholder=\"Observa\u00e7\u00f5es\"><\/textarea><\/span>\n\t\t<\/div><\/div>\n<\/div>\n<p><br><\/p>\n<h3>Fotografias da Viatura<\/h3>\n<div class=\"contact-form row\">\n<div class=\"col-lg-4 col-md-4\">\n<div class=\"form-group\">\n                      <span class=\"wpcf7-form-control-wrap photos\"><input type=\"file\" name=\"photos[]\" size=\"40\" class=\"wpcf7-form-control wpcf7-multifile\" multiple=\"multiple\" aria-invalid=\"false\" \/><\/span>\n                <\/div><\/div>\n<\/div>\n<p>                      <span class=\"wpcf7-form-control-wrap aceitar-politica-privacidade\"><span class=\"wpcf7-form-control wpcf7-acceptance\"><span class=\"wpcf7-list-item\"><label><input type=\"checkbox\" name=\"aceitar-politica-privacidade\" value=\"1\" aria-invalid=\"false\" \/><span class=\"wpcf7-list-item-label\">Li e aceito a <a href=\"https:\/\/automanaiacar.com\/site\/politica-de-privacidade\/\" target=\"_blank\">pol\u00edtica de privacidade<\/a> e prote\u00e7\u00e3o de dados pessoais da AutoManaiaCar. *<\/span><\/label><\/span><\/span><\/span><br \/>\n                      <span class=\"wpcf7-form-control-wrap autorizar-recolha-dados\"><span class=\"wpcf7-form-control wpcf7-acceptance\"><span class=\"wpcf7-list-item\"><label><input type=\"checkbox\" name=\"autorizar-recolha-dados\" value=\"1\" aria-invalid=\"false\" \/><span class=\"wpcf7-list-item-label\">Autorizo a utiliza\u00e7\u00e3o dos dados recolhidos para ser contactado no \u00e2mbito deste assunto. *<\/span><\/label><\/span><\/span><\/span><br \/>\n<br><br \/>\n <input type=\"submit\" value=\"Enviar\" class=\"wpcf7-form-control wpcf7-submit button red\" \/><\/p>\n<div class=\"wpcf7-response-output\" aria-hidden=\"true\"><\/div><\/form><\/div>[\/vc_column][\/vc_row]<\/p>\n","protected":false},"excerpt":{"rendered":"<p>[vc_row][vc_column][\/vc_column][\/vc_row][vc_row][vc_column][\/vc_column][\/vc_row]<\/p>\n","protected":false},"author":2,"featured_media":0,"parent":0,"menu_order":0,"comment_status":"closed","ping_status":"closed","template":"templates\/cardealer-front-submission.php","meta":[],"yst_prominent_words":[785,786],"_links":{"self":[{"href":"https:\/\/automanaiacar.com\/site\/wp-json\/wp\/v2\/pages\/7638"}],"collection":[{"href":"https:\/\/automanaiacar.com\/site\/wp-json\/wp\/v2\/pages"}],"about":[{"href":"https:\/\/automanaiacar.com\/site\/wp-json\/wp\/v2\/types\/page"}],"author":[{"embeddable":true,"href":"https:\/\/automanaiacar.com\/site\/wp-json\/wp\/v2\/users\/2"}],"replies":[{"embeddable":true,"href":"https:\/\/automanaiacar.com\/site\/wp-json\/wp\/v2\/comments?post=7638"}],"version-history":[{"count":0,"href":"https:\/\/automanaiacar.com\/site\/wp-json\/wp\/v2\/pages\/7638\/revisions"}],"wp:attachment":[{"href":"https:\/\/automanaiacar.com\/site\/wp-json\/wp\/v2\/media?parent=7638"}],"wp:term":[{"taxonomy":"yst_prominent_words","embeddable":true,"href":"https:\/\/automanaiacar.com\/site\/wp-json\/wp\/v2\/yst_prominent_words?post=7638"}],"curies":[{"name":"wp","href":"https:\/\/api.w.org\/{rel}","templated":true}]}}