{"id":7643,"date":"2019-07-04T16:36:00","date_gmt":"2019-07-04T16:36:00","guid":{"rendered":"https:\/\/automanaiacar.com\/?page_id=7643"},"modified":"2019-10-29T15:17:51","modified_gmt":"2019-10-29T15:17:51","slug":"candidatura-espontanea","status":"publish","type":"page","link":"https:\/\/automanaiacar.com\/site\/candidatura-espontanea\/","title":{"rendered":"Candidatura Espont\u00e2nea"},"content":{"rendered":"<p>[vc_row][vc_column]     <div class=\"section-title text-center style_1\">\n    \t\t\t\t\t<span><\/span>\n\t\t\t\t\t\t\t<h1>Junte-se \u00e0 nossa equipa<\/h1>\n\t\t\t\t\t\t\t<div class=\"separator\"><\/div>\n\t\t\t\t\t\t\t<p>A Auto-Manaiacar compra o seu cami\u00e3o. Independentemente da marca, da idade ou da carro\u00e7aria, fale com a nossa equipa se tiver um cami\u00e3o para vender.<\/p>\n\t\t\t      <\/div>\n        [\/vc_column][\/vc_row][vc_row][vc_column]<div role=\"form\" class=\"wpcf7\" id=\"wpcf7-f7645-o1\" lang=\"en-US\" dir=\"ltr\">\n<div class=\"screen-reader-response\"><p role=\"status\" aria-live=\"polite\" aria-atomic=\"true\"><\/p> <ul><\/ul><\/div>\n<form action=\"\/site\/wp-json\/wp\/v2\/pages\/7643#wpcf7-f7645-o1\" method=\"post\" class=\"wpcf7-form init\" enctype=\"multipart\/form-data\" novalidate=\"novalidate\" data-status=\"init\">\n<div style=\"display: none;\">\n<input type=\"hidden\" name=\"_wpcf7\" value=\"7645\" \/>\n<input type=\"hidden\" name=\"_wpcf7_version\" value=\"5.3.2\" \/>\n<input type=\"hidden\" name=\"_wpcf7_locale\" value=\"en_US\" \/>\n<input type=\"hidden\" name=\"_wpcf7_unit_tag\" value=\"wpcf7-f7645-o1\" \/>\n<input type=\"hidden\" name=\"_wpcf7_container_post\" value=\"0\" \/>\n<input type=\"hidden\" name=\"_wpcf7_posted_data_hash\" value=\"\" \/>\n<input type=\"hidden\" name=\"_wpcf7_recaptcha_response\" value=\"\" \/>\n<\/div>\n<div class=\"contact-form row\">\n<div class=\"col-lg-4 col-md-4\">\n<div class=\"form-group\">\n\t\t\t<span class=\"wpcf7-form-control-wrap nome\"><input type=\"text\" name=\"nome\" value=\"\" size=\"40\" class=\"wpcf7-form-control wpcf7-text wpcf7-validates-as-required form-control\" aria-required=\"true\" aria-invalid=\"false\" placeholder=\"Nome*\" \/><\/span>\n\t\t<\/div><\/div>\n<div class=\"col-lg-4 col-md-4\">\n<div class=\"form-group\">\n\t\t\t<span class=\"wpcf7-form-control-wrap email\"><input type=\"email\" name=\"email\" value=\"\" size=\"40\" class=\"wpcf7-form-control wpcf7-text wpcf7-email wpcf7-validates-as-required wpcf7-validates-as-email form-control\" aria-required=\"true\" aria-invalid=\"false\" placeholder=\"Email*\" \/><\/span>\n\t\t<\/div><\/div>\n<div class=\"col-lg-4 col-md-4\">\n<div class=\"form-group\">\n\t\t\t<span class=\"wpcf7-form-control-wrap phone\"><input type=\"text\" name=\"phone\" value=\"\" size=\"40\" class=\"wpcf7-form-control wpcf7-text wpcf7-validates-as-required form-control input-message\" aria-required=\"true\" aria-invalid=\"false\" placeholder=\"Telem\u00f3vel*\" \/><\/span>\n\t\t<\/div><\/div>\n<div class=\"col-lg-4 col-md-4\">\n<div class=\"form-group\">\n\t\t\t<span class=\"wpcf7-form-control-wrap morada\"><input type=\"text\" name=\"morada\" value=\"\" size=\"40\" class=\"wpcf7-form-control wpcf7-text wpcf7-validates-as-required form-control input-message\" aria-required=\"true\" aria-invalid=\"false\" placeholder=\"Morada*\" \/><\/span>\n\t\t<\/div><\/div>\n<div class=\"col-lg-4 col-md-4\">\n<div class=\"form-group\">\n\t\t\t<span class=\"wpcf7-form-control-wrap localidade\"><input type=\"text\" name=\"localidade\" value=\"\" size=\"40\" class=\"wpcf7-form-control wpcf7-text wpcf7-validates-as-required form-control\" aria-required=\"true\" aria-invalid=\"false\" placeholder=\"Localidade*\" \/><\/span>\n\t\t<\/div><\/div>\n<div class=\"col-lg-12 col-md-12\">\n<div class=\"form-group\">\n\t\t\t<span class=\"wpcf7-form-control-wrap area-interesse\"><input type=\"text\" name=\"area-interesse\" value=\"\" size=\"40\" class=\"wpcf7-form-control wpcf7-text wpcf7-validates-as-required form-control\" aria-required=\"true\" aria-invalid=\"false\" placeholder=\"\u00c1rea de interesse*\" \/><\/span>\n\t\t<\/div><\/div>\n<div class=\"col-lg-12 col-md-12\">\n<div class=\"form-group\">\n\t\t\t<span class=\"wpcf7-form-control-wrap percurso\"><textarea name=\"percurso\" cols=\"40\" rows=\"10\" class=\"wpcf7-form-control wpcf7-textarea wpcf7-validates-as-required form-control\" aria-required=\"true\" aria-invalid=\"false\" placeholder=\"Conte-nos os seu percurso*\"><\/textarea><\/span>\n\t\t<\/div><\/div>\n<div class=\"col-lg-12 col-md-12\">\n<div class=\"form-group\">\n\t\t\t<span class=\"wpcf7-form-control-wrap cv\"><input type=\"file\" name=\"cv\" size=\"40\" class=\"wpcf7-form-control wpcf7-file wpcf7-validates-as-required\" accept=\".jpg,.jpeg,.png,.gif,.pdf,.doc,.docx,.ppt,.pptx,.odt,.avi,.ogg,.m4a,.mov,.mp3,.mp4,.mpg,.wav,.wmv\" aria-required=\"true\" aria-invalid=\"false\" \/><\/span>\n\t\t<\/div><\/div>\n<p><span class=\"wpcf7-form-control-wrap aceitar-politica-privacidade\"><span class=\"wpcf7-form-control wpcf7-acceptance\"><span class=\"wpcf7-list-item\"><label><input type=\"checkbox\" name=\"aceitar-politica-privacidade\" value=\"1\" aria-invalid=\"false\" \/><span class=\"wpcf7-list-item-label\">Li e aceito a <a href=\"https:\/\/automanaiacar.com\/site\/politica-de-privacidade\/\" target=\"_blank\">pol\u00edtica de privacidade<\/a> e prote\u00e7\u00e3o de dados pessoais da AutoManaiaCar. *<\/span><\/label><\/span><\/span><\/span><\/p>\n<p><span class=\"wpcf7-form-control-wrap autorizar-recolha-dados\"><span class=\"wpcf7-form-control wpcf7-acceptance\"><span class=\"wpcf7-list-item\"><label><input type=\"checkbox\" name=\"autorizar-recolha-dados\" value=\"1\" aria-invalid=\"false\" \/><span class=\"wpcf7-list-item-label\">Autorizo a utiliza\u00e7\u00e3o dos dados recolhidos para ser contactado no \u00e2mbito deste assunto. *<\/span><\/label><\/span><\/span><\/span><\/p>\n<div class=\"col-lg-12 col-md-12\">\n\t\t   <input type=\"submit\" value=\"Enviar CV\" class=\"wpcf7-form-control wpcf7-submit button red\" \/>\n\t<\/div>\n<\/div>\n<div class=\"wpcf7-response-output\" aria-hidden=\"true\"><\/div><\/form><\/div>[\/vc_column][\/vc_row]<\/p>\n","protected":false},"excerpt":{"rendered":"<p>[vc_row][vc_column][\/vc_column][\/vc_row][vc_row][vc_column][\/vc_column][\/vc_row]<\/p>\n","protected":false},"author":2,"featured_media":0,"parent":0,"menu_order":0,"comment_status":"closed","ping_status":"closed","template":"templates\/cardealer-front-submission.php","meta":[],"yst_prominent_words":[],"_links":{"self":[{"href":"https:\/\/automanaiacar.com\/site\/wp-json\/wp\/v2\/pages\/7643"}],"collection":[{"href":"https:\/\/automanaiacar.com\/site\/wp-json\/wp\/v2\/pages"}],"about":[{"href":"https:\/\/automanaiacar.com\/site\/wp-json\/wp\/v2\/types\/page"}],"author":[{"embeddable":true,"href":"https:\/\/automanaiacar.com\/site\/wp-json\/wp\/v2\/users\/2"}],"replies":[{"embeddable":true,"href":"https:\/\/automanaiacar.com\/site\/wp-json\/wp\/v2\/comments?post=7643"}],"version-history":[{"count":0,"href":"https:\/\/automanaiacar.com\/site\/wp-json\/wp\/v2\/pages\/7643\/revisions"}],"wp:attachment":[{"href":"https:\/\/automanaiacar.com\/site\/wp-json\/wp\/v2\/media?parent=7643"}],"wp:term":[{"taxonomy":"yst_prominent_words","embeddable":true,"href":"https:\/\/automanaiacar.com\/site\/wp-json\/wp\/v2\/yst_prominent_words?post=7643"}],"curies":[{"name":"wp","href":"https:\/\/api.w.org\/{rel}","templated":true}]}}