{"id":7649,"date":"2019-07-04T17:48:03","date_gmt":"2019-07-04T17:48:03","guid":{"rendered":"https:\/\/automanaiacar.com\/?page_id=7649"},"modified":"2019-10-29T15:17:40","modified_gmt":"2019-10-29T15:17:40","slug":"politica-de-privacidade","status":"publish","type":"page","link":"https:\/\/automanaiacar.com\/site\/politica-de-privacidade\/","title":{"rendered":"Pol\u00edtica de Privacidade"},"content":{"rendered":"<p>[vc_row][vc_column]     <div class=\"section-title text-center style_1\">\n    \t\t\t\t\t<span><\/span>\n\t\t\t\t\t\t\t<h1>O nosso compromisso<\/h1>\n\t\t\t\t\t\t\t<div class=\"separator\"><\/div>\n\t\t\t\t\t\t\t<p>A Auto-Manaiacar S.A., com sede Zona Industrial do Roligo (Espargo), lote 37, rua da Zona Industrial, n.\u00ba 639,<\/p>\n<p>Santa Maria da Feira, distrito de Aveiro, \u00e9 a empresa respons\u00e1vel pelo tratamento dos dados dos seus clientes e colaboradores, no \u00e2mbito do Regulamento Geral sobre a Prote\u00e7\u00e3o de Dados (RGPD).<\/p>\n<p>&nbsp;<\/p>\n<p>A prote\u00e7\u00e3o da privacidade e dos dados pessoais \u00e9 um compromisso nuclear da <strong>Auto-Manaiacar <\/strong>com os seus clientes e os utilizadores dos seus servi\u00e7os e produtos. Convidamos \u00e0 consulta da nossa pol\u00edtica de privacidade e prote\u00e7\u00e3o de dados pessoais, e que integra as novas disposi\u00e7\u00f5es do Regulamento Geral de Prote\u00e7\u00e3o de Dados (RGPD).<\/p>\n\t\t\t      <\/div>\n        [vc_tta_accordion][vc_tta_section title=&#8221;O que s\u00e3o dados pessoais?&#8221; tab_id=&#8221;1562262042929-985508f9-ddb4&#8243;][vc_column_text]Os dados pessoais s\u00e3o qualquer informa\u00e7\u00e3o relativa a uma pessoa singular identificada ou identific\u00e1vel, nomeadamente atrav\u00e9s do nome, do n\u00famero de identifica\u00e7\u00e3o fiscal, de um dado de localiza\u00e7\u00e3o, de um identificador eletr\u00f3nico ou outros elementos que permitam chegar \u00e0 identifica\u00e7\u00e3o dessa pessoa singular. A informa\u00e7\u00e3o recolhida quando algu\u00e9m visita o website Auto-Manaiacar \u00e9 considerada informa\u00e7\u00e3o pessoal e enquadra-se dentro do RGPD.[\/vc_column_text][\/vc_tta_section][vc_tta_section title=&#8221;Quem s\u00e3o os titulares de dados pessoais?&#8221; tab_id=&#8221;1562262042935-b67c3bff-90a6&#8243;][vc_column_text]O utilizador ou subscritor, pessoa singular, a quem os dados dizem respeito e que usufruiu dos servi\u00e7os ou produtos da Auto-Manaiacar. O Utilizador ser\u00e1 a pessoa que utiliza ou explora os servi\u00e7os Auto-Manaiacar e o Subscritor \u00e9 a pessoa que subscreve formas de divulga\u00e7\u00e3o da Auto-Manaiacar.<\/p>\n<p>&nbsp;<\/p>\n<p>Independentemente desta distin\u00e7\u00e3o, a <strong>Auto-Manaiacar <\/strong>informa que protege igualmente os dados pessoais e respeita os direitos dos utilizadores e dos subscritores.[\/vc_column_text][\/vc_tta_section][vc_tta_section title=&#8221;Que categorias de dados pessoais tratamos?&#8221; tab_id=&#8221;1562262108228-81e1f9e6-1bde&#8221;][vc_column_text]Identifica\u00e7\u00e3o e contactos<\/p>\n<p>Nome, contacto telef\u00f3nico ou endere\u00e7o de correio eletr\u00f3nico.<\/p>\n<p>&nbsp;<\/p>\n<p>Perfil<\/p>\n<p>Empresa em que trabalha e fun\u00e7\u00e3o desempenhada.<\/p>\n<p>&nbsp;<\/p>\n<p>Dados de utiliza\u00e7\u00e3o de servi\u00e7o<\/p>\n<p>Localiza\u00e7\u00e3o: refer\u00eancia geogr\u00e1fica num determinado momento (pedido de informa\u00e7\u00e3o ou subscri\u00e7\u00e3o).<\/p>\n<p>&nbsp;<\/p>\n<h2><a name=\"_Toc514160581\"><\/a><u>Quem \u00e9 o respons\u00e1vel pelo tratamento dos seus dados pessoais?<\/u><\/h2>\n<p>O respons\u00e1vel pela recolha e tratamento dos seus dados pessoais ser\u00e1 a <strong>Auto-Manaiacar <\/strong>e nesse \u00e2mbito decide quais os dados recolhidos, meios de tratamento e finalidades para que os dados s\u00e3o usados.[\/vc_column_text][\/vc_tta_section][vc_tta_section title=&#8221;Com que fundamento podemos tratar os seus dados pessoais?&#8221; tab_id=&#8221;1562262140209-0e696649-e74a&#8221;][vc_column_text]<\/p>\n<ol>\n<li>Consentimento<\/li>\n<\/ol>\n<p>Quando tivermos o seu consentimento expresso \u2013 por escrito, oralmente ou atrav\u00e9s da valida\u00e7\u00e3o de uma op\u00e7\u00e3o &#8211; e pr\u00e9vio e se esse consentimento for livre, informado, espec\u00edfico e inequ\u00edvoco. S\u00e3o exemplos, o seu consentimento para a <strong>Auto-Manaiacar <\/strong>analisar a utiliza\u00e7\u00e3o dos servi\u00e7os e perfil de consumo e fazer recomenda\u00e7\u00f5es ou enviar mensagens de marketing (email marketing, SMS marketing, entre outros).<\/p>\n<p>&nbsp;<\/p>\n<p>ou<\/p>\n<p>&nbsp;<\/p>\n<ol start=\"2\">\n<li>Execu\u00e7\u00e3o de contrato e dilig\u00eancias pr\u00e9-contratuais<\/li>\n<\/ol>\n<p>Quando o tratamento de dados pessoais seja necess\u00e1rio para a celebra\u00e7\u00e3o, execu\u00e7\u00e3o e gest\u00e3o do contrato celebrado com a <strong>Auto-Manaiacar <\/strong>como por exemplo para a prepara\u00e7\u00e3o de uma proposta de servi\u00e7os, para a gest\u00e3o de contactos, informa\u00e7\u00f5es e pedidos, para a gest\u00e3o de fatura\u00e7\u00e3o, cobran\u00e7a e pagamentos;<\/p>\n<p>&nbsp;<\/p>\n<p>ou<\/p>\n<p>&nbsp;<\/p>\n<ol start=\"3\">\n<li>Interesse leg\u00edtimo<\/li>\n<\/ol>\n<p>Quando o tratamento de dados pessoais corresponda a um interesse leg\u00edtimo da <strong>Auto-Manaiacar <\/strong>ou de terceiros. Ex.: para respondermos a um pedido de contacto.<\/p>\n<p>&nbsp;<\/p>\n<h2><a name=\"_Toc514160583\"><\/a><u>Por quanto tempo tratamos os seus Dados Pessoais?<\/u><\/h2>\n<p>Os seus dados pessoais s\u00e3o tratados pela <strong>Auto-Manaiacar <\/strong>apenas pelo per\u00edodo de tempo necess\u00e1rio para a realiza\u00e7\u00e3o da finalidade definida ou, consoante o que for aplic\u00e1vel, at\u00e9 que exer\u00e7a o seu direito de oposi\u00e7\u00e3o, direito a ser esquecido ou retire o consentimento.\u00a0 Depois de decorrido o respetivo per\u00edodo de conserva\u00e7\u00e3o, a <strong>Auto-Manaiacar <\/strong>eliminar\u00e1 ou anonimizar\u00e1 os dados sempre que os mesmos n\u00e3o devam ser conservados para finalidade distinta que possa subsistir.<\/p>\n<h2><a name=\"_Toc514160585\"><\/a><u>Quais os prazos de tratamento e conserva\u00e7\u00e3o de dados pessoais?<\/u><\/h2>\n<p>A <strong>Auto-Manaiacar <\/strong>trata e conserva os seus dados pessoais conforme as finalidades para que os mesmos s\u00e3o tratados.<\/p>\n<p>&nbsp;<\/p>\n<p>H\u00e1 casos em que a lei obriga ao tratamento e conserva\u00e7\u00e3o dos dados por um per\u00edodo de tempo m\u00ednimo, designadamente: por 10 anos os dados necess\u00e1rios para informa\u00e7\u00e3o \u00e0 Autoridade Tribut\u00e1ria para efeitos contabil\u00edsticos ou fiscais.<\/p>\n<p>&nbsp;<\/p>\n<p>Mas, sempre que n\u00e3o exista uma obriga\u00e7\u00e3o legal espec\u00edfica, ent\u00e3o os dados ser\u00e3o tratados apenas pelo per\u00edodo necess\u00e1rio para o cumprimento das finalidades que motivaram a sua recolha e preserva\u00e7\u00e3o e sempre de acordo com a lei, as orienta\u00e7\u00f5es e decis\u00f5es da CNPD. Assim, a <strong>Auto-Manaiacar <\/strong>vai tratar e manter os seus dados pessoais pelo per\u00edodo em que mantiver uma rela\u00e7\u00e3o contratual consigo.<\/p>\n<p>&nbsp;<\/p>\n<p>A <strong>Auto-Manaiacar <\/strong>poder\u00e1 manter outros dados pessoais por per\u00edodos superiores \u00e0 dura\u00e7\u00e3o da rela\u00e7\u00e3o contratual, seja com base no seu consentimento, seja para assegurar direitos ou deveres relacionados com o contrato, seja ainda porque tem interesses leg\u00edtimos que o fundamentam, mas sempre pelo per\u00edodo estritamente necess\u00e1rio \u00e0 realiza\u00e7\u00e3o das respetivas finalidades e de acordo com as orienta\u00e7\u00f5es e decis\u00f5es da CNPD, nomeadamente o contacto para efeitos de marketing e vendas.<\/p>\n<p>&nbsp;<\/p>\n<h2><a name=\"_Toc514160586\"><\/a><u>Como recolhemos os seus dados pessoais?<\/u><\/h2>\n<p>Recolhemos os dados pessoais mediante o seu consentimento quando adquire produtos ou servi\u00e7os <strong>Auto-Manaiacar <\/strong>ou quando descarrega ou utiliza materiais de marketing e vendas da nossa marca. A recolha pode ser feita oralmente, por escrito ou atrav\u00e9s do website. Mas a sua informa\u00e7\u00e3o pessoal pode tamb\u00e9m ser recolhida a partir de fontes acess\u00edveis ao p\u00fablico ou outras fontes.<\/p>\n<p>&nbsp;<\/p>\n<p>A pol\u00edtica de cookies da <strong>Auto-Manaiacar <\/strong>\u00e9 uma forma adicional de recolha de dados pessoais com o objetivo de detetar e corrigir problemas no website, oferecer experi\u00eancias digitais fortes e confort\u00e1veis, agilizar a navega\u00e7\u00e3o nas p\u00e1ginas do canal. As cookies s\u00e3o pe\u00e7as de dados, como nomes e endere\u00e7os de email, guardados por um website na primeira visita do utilizador. Nas visitas seguintes, o website j\u00e1 consegue identificar o visitante como n\u00e3o sendo novo, por exemplo.<\/p>\n<p>&nbsp;<\/p>\n<h2><a name=\"_Toc514160587\"><\/a><u>Os sistemas de rastreamento que utilizamos<\/u><\/h2>\n<p>A <strong>Auto-Manaiacar <\/strong>utiliza o Google Analytics como principal sistema de rastreamento da jornada do consumidor em todos os canais digitais da empresa, como por exemplo o website e as redes sociais. O nosso prop\u00f3sito ao utilizar esta ferramenta de rastreamento \u00e9 monitorizar o tr\u00e1fego, identificar tend\u00eancias e analisar comportamentos, sempre para verificar o desempenho de campanhas de marketing digital e implementar melhorias nas mesmas.<\/p>\n<p>&nbsp;<\/p>\n<h2><a name=\"_Toc514160589\"><\/a><u>Direitos de prote\u00e7\u00e3o de dados no portal<\/u><\/h2>\n<p>Consulte em baixo os seus direitos e o detalhe do que se salvaguarda em cada um.[\/vc_column_text][\/vc_tta_section][vc_tta_section title=&#8221;Direito de acesso&#8221; tab_id=&#8221;1562262167791-c356b15a-b1c7&#8243;][vc_column_text]Direito a obter a confirma\u00e7\u00e3o de quais s\u00e3o os seus dados pessoais que s\u00e3o tratados e informa\u00e7\u00e3o sobre os mesmos, como por exemplo, quais as finalidades do tratamento, quais os prazos de conserva\u00e7\u00e3o, entre outros. Direito a ver\/ouvir ou obter c\u00f3pia, por exemplo das faturas ou dos acordos escritos em que \u00e9 interveniente.[\/vc_column_text][\/vc_tta_section][vc_tta_section title=&#8221;Direito de retifica\u00e7\u00e3o&#8221; tab_id=&#8221;1562262187581-aa649102-acca&#8221;][vc_column_text]Direito de solicitar a retifica\u00e7\u00e3o dos seus dados pessoais que se encontrem inexatos ou solicitar que os dados pessoais incompletos sejam completados, como por exemplo a morada, o email, os contactos telef\u00f3nicos, ou outros.[\/vc_column_text][\/vc_tta_section][vc_tta_section title=&#8221;Direito ao apagamento dos dados ou \u201cdireito a ser esquecido\u201d&#8221; tab_id=&#8221;1562262217205-5cbff742-15d4&#8243;][vc_column_text]Direito de obter o apagamento dos seus dados pessoais, desde que n\u00e3o se verifiquem fundamentos v\u00e1lidos para a sua conserva\u00e7\u00e3o, como por exemplo os casos em que a <strong>Auto-Manaiacar <\/strong>tem de conservar os dados por exig\u00eancia de entidades oficiais.[\/vc_column_text][\/vc_tta_section][vc_tta_section title=&#8221;Direito \u00e0 portabilidade&#8221; tab_id=&#8221;1562262233681-fc945cb5-65e9&#8243;][vc_column_text]Direito da receber os dados que nos forneceu em formato digital de uso corrente e de leitura autom\u00e1tica ou de solicitar a transmiss\u00e3o direta dos seus dados para outra entidade que passe a ser o novo respons\u00e1vel pelos seus dados pessoais.[\/vc_column_text][\/vc_tta_section][vc_tta_section title=&#8221;Direito a retirar o consentimento ou direito de oposi\u00e7\u00e3o&#8221; tab_id=&#8221;1562262255717-affaeda4-4cb9&#8243;][vc_column_text]Direito de se opor ou retirar o seu consentimento, a qualquer momento a um tratamento de dados, como por exemplo no caso de tratamento de dados para fins de marketing, desde que n\u00e3o se verifiquem interesses leg\u00edtimos que prevalecem sobre os seus interesses, direitos e liberdades.[\/vc_column_text][\/vc_tta_section][vc_tta_section title=&#8221;Direito de limita\u00e7\u00e3o&#8221; tab_id=&#8221;1562262273130-b68ba896-e5a4&#8243;][vc_column_text]Direito a solicitar a limita\u00e7\u00e3o do tratamento dos seus dados pessoais, sob a forma de:<\/p>\n<ol>\n<li>Suspens\u00e3o do tratamento<\/li>\n<li>Limita\u00e7\u00e3o do \u00e2mbito do tratamento a certas categorias de dados ou finalidades de tratamento.<\/li>\n<\/ol>\n<p>[\/vc_column_text][\/vc_tta_section][vc_tta_section title=&#8221;Perfil e decis\u00f5es automatizadas&#8221; tab_id=&#8221;1562262292370-1d06327f-a86b&#8221;][vc_column_text]A <strong>Auto-Manaiacar <\/strong>pode tra\u00e7ar o perfil dos clientes com base, por exemplo, nas suas prefer\u00eancias, interesses pessoais, utiliza\u00e7\u00e3o de servi\u00e7o, localiza\u00e7\u00e3o, entre outros indicadores, nomeadamente para prestar servi\u00e7os, aumentar a qualidade e a experi\u00eancia dos produtos e servi\u00e7os, adequar comunica\u00e7\u00f5es de marketing etc. No entanto, esse tratamento deve estar baseado no consentimento do titular.<\/p>\n<p>&nbsp;<\/p>\n<p>Quando o tratamento de dados pessoais, incluindo o tratamento para a defini\u00e7\u00e3o de perfis, seja exclusivamente autom\u00e1tico (sem interven\u00e7\u00e3o humana) e possa produzir efeitos na sua esfera jur\u00eddica ou o afetar significativamente ter\u00e1 o direito a n\u00e3o ficar sujeito a nenhuma decis\u00e3o que se baseie nesse tratamento autom\u00e1tico, salvo as exce\u00e7\u00f5es previstas na lei e ter\u00e1 o direito a que a Auto-Manaiacar adote medidas adequadas para salvaguardar os seus direitos e liberdades e leg\u00edtimos interesses, incluindo o direito a que haja interven\u00e7\u00e3o humana na tomada de decis\u00e3o por parte da Auto-Manaiacar, o direito de manifestar o seu ponto de vista ou contestar a decis\u00e3o tomada com base no tratamento automatizado de dados pessoais.[\/vc_column_text][\/vc_tta_section][vc_tta_section title=&#8221;Direito a reclamar&#8221; tab_id=&#8221;1562262310115-c09c61b4-5754&#8243;][vc_column_text]Direito de apresentar reclama\u00e7\u00e3o \u00e0 autoridade de controlo, a CNPD, para al\u00e9m da empresa.<\/p>\n<p><u>\u00a0<\/u><\/p>\n<p><strong>CNPD \u2013 Comiss\u00e3o Nacional de Prote\u00e7\u00e3o de Dados<\/strong><\/p>\n<p>Rua de S\u00e3o Bento, n.\u00ba 148-3\u00ba<\/p>\n<p>1200-821 Lisboa<\/p>\n<ol>\n<li><a href=\"http:\/\/www.cnpd.pt\">www.cnpd.pt<\/a><\/li>\n<\/ol>\n<p>Mail: <a href=\"mailto:geral@cnpd.pt\">geral@cnpd.pt<\/a><\/p>\n<ol>\n<li>(+351) 213\u00a0976\u00a0832<\/li>\n<\/ol>\n<p>&nbsp;<\/p>\n<h2><a name=\"_Toc514160598\"><\/a><u>De que modo a Auto-Manaiacar protege os seus dados pessoais?<\/u><\/h2>\n<p>A Auto-Manaiacar tem implementadas as medidas l\u00f3gicas, f\u00edsicas, organizativas e de seguran\u00e7a adequadas, necess\u00e1rias e suficientes para proteger os seus dados pessoais contra a destrui\u00e7\u00e3o, a perda, a altera\u00e7\u00e3o, a difus\u00e3o, o acesso n\u00e3o autorizados ou qualquer outra forma de tratamento acidental ou il\u00edcito.<\/p>\n<p>&nbsp;<\/p>\n<p>Temos implementado:<\/p>\n<p>&nbsp;<\/p>\n<ol>\n<li>Requisitos e medidas de seguran\u00e7a l\u00f3gicos, como a utiliza\u00e7\u00e3o de firewalls, e sistemas de dete\u00e7\u00e3o de intrus\u00e3o nos seus sistemas, a utiliza\u00e7\u00e3o de backups, a exist\u00eancia de uma pol\u00edtica rigorosa sobre os acessos a sistemas e \u00e0 informa\u00e7\u00e3o e o registo das a\u00e7\u00f5es efetuadas pelos colaboradores da Auto-Manaiacar sobre dados pessoais dos clientes ou utilizadores (logging);<\/li>\n<\/ol>\n<p>&nbsp;<\/p>\n<ol start=\"2\">\n<li>Protocolo SSL \/ HTTPS: A partir do momento que o utilizador acede a um site com o protocolo HTTPS, todas as comunica\u00e7\u00f5es entre o utilizador e o site-loja online s\u00e3o encriptadas. O protocolo HTTPS \u00e9 utilizado para proteger transa\u00e7\u00f5es e transmiss\u00e3o de dados confidenciais como acontece nos sistemas de e-Commerce e e-Banking;<\/li>\n<\/ol>\n<p>&nbsp;<\/p>\n<ol start=\"3\">\n<li>Mecanismos de escrut\u00ednio, auditoria e controlo para garantir o cumprimento das pol\u00edticas de seguran\u00e7a e privacidade;<\/li>\n<\/ol>\n<p>&nbsp;<\/p>\n<ol start=\"4\">\n<li>Um programa de informa\u00e7\u00e3o e forma\u00e7\u00e3o dos colaboradores e parceiros da Auto-Manaiacar;<\/li>\n<\/ol>\n<p>&nbsp;<\/p>\n<h1><a name=\"_Toc514160599\"><\/a><a name=\"_Toc513565900\"><\/a><u>Se o site Auto-Manaiacar verificar um problema de Seguran\u00e7<\/u><u>a<\/u><\/h1>\n<p>&nbsp;<\/p>\n<p>A Auto-Manaiacar compromete-se a comunicar a ocorr\u00eancia do problema \u00e0 entidade que regula o RGPD (a Comiss\u00e3o Nacional de Prote\u00e7\u00e3o de Dados, em Portugal) at\u00e9 72 horas ap\u00f3s a verifica\u00e7\u00e3o do problema de seguran\u00e7a assim como todos os detentores\/ clientes visados.<\/p>\n<h2><a name=\"_Toc514160600\"><\/a><u>Cache do navegador<\/u><\/h2>\n<p>O cache de um navegador WEB ou motor de busca \u00e9 o instrumento atrav\u00e9s do qual o navegador salva dados, nomeadamente imagens e c\u00f3digo HTML, necess\u00e1rios para carregar e mostrar um website. A inten\u00e7\u00e3o da Auto-Manaiacar ao utilizar este dispositivo \u00e9 ajudar a largura de banda e proporcionar uma melhor experi\u00eancia de navega\u00e7\u00e3o.<\/p>\n<p>&nbsp;<\/p>\n<h2><a name=\"_Toc514160601\"><\/a><u>Conselhos \u00fateis para a prote\u00e7\u00e3o dos seus dados<\/u><\/h2>\n<ol>\n<li>Website da Auto-Manaiacar<\/li>\n<\/ol>\n<p>Sobre a utiliza\u00e7\u00e3o e o tratamento de dados pessoais no website da Auto-Manaiacar, n\u00e3o deixe de consultar as regras sobre utiliza\u00e7\u00e3o de cookies no respetivo website.<\/p>\n<p>&nbsp;<\/p>\n<p>O website da Auto-Manaiacar pode conter links para websites, produtos ou servi\u00e7os de terceiros, que n\u00e3o t\u00eam qualquer rela\u00e7\u00e3o com a Auto-Manaiacar ou que n\u00e3o s\u00e3o abrangidos por esta Pol\u00edtica de Privacidade.<\/p>\n<p>&nbsp;<\/p>\n<p>A recolha ou o tratamento dos dados pessoais solicitados por esses terceiros \u00e9 da sua exclusiva responsabilidade, n\u00e3o podendo a Auto-Manaiacar ser responsabilizada, em qualquer circunst\u00e2ncia, pelo conte\u00fado, pela exatid\u00e3o, veracidade ou legitimidade desses websites ou pela m\u00e1 utiliza\u00e7\u00e3o dos dados recolhidos ou tratados por interm\u00e9dio dos mesmos.<\/p>\n<p>&nbsp;<\/p>\n<h2><a name=\"_Toc514160602\"><\/a><u>Como pode exercer os seus direitos?<\/u><\/h2>\n<p>O exerc\u00edcio dos direitos \u00e9 gratuito, exceto se se tratar de um pedido manifestamente infundado ou excessivo, caso em que poder\u00e1 ser cobrada uma taxa razo\u00e1vel tendo em conta os custos. As informa\u00e7\u00f5es devem ser prestadas por escrito, mas, se o solicitar, podem ser prestadas oralmente. Neste caso, a Auto-Manaiacar deve verificar a sua identidade por outros meios que n\u00e3o orais. A resposta aos pedidos dever\u00e1 ser prestada no prazo m\u00e1ximo de 30 dias, salvo se for um pedido especialmente complexo.<\/p>\n<p>&nbsp;<\/p>\n<p>Exer\u00e7a os seus direitos atrav\u00e9s dos seguintes endere\u00e7os:<\/p>\n<p>&nbsp;<\/p>\n<p><strong>Auto-Manaiacar, S.A.<\/strong><\/p>\n<p>Email: <a href=\"mailto:geral@automanaiacar.com\">geral@automanaiacar.com<\/a><\/p>\n<p>Zona Industrial do Roligo, Lote 37<\/p>\n<p>Rua da Zona Industrial, N\u00ba 639<\/p>\n<p>Santa Maria da Feira<\/p>\n<p>4520 &#8211; 115 Espargo SMF &#8211; Portugal<\/p>\n<p>Telefone: (+351) 256 370 700<\/p>\n<p>Fax: 00351 256 370\u00a0709[\/vc_column_text][\/vc_tta_section][\/vc_tta_accordion][\/vc_column][\/vc_row]<\/p>\n","protected":false},"excerpt":{"rendered":"<p>[vc_row][vc_column][vc_tta_accordion][vc_tta_section title=&#8221;O que s\u00e3o dados pessoais?&#8221; tab_id=&#8221;1562262042929-985508f9-ddb4&#8243;][vc_column_text]Os dados pessoais s\u00e3o qualquer informa\u00e7\u00e3o relativa a uma pessoa singular identificada ou identific\u00e1vel, nomeadamente atrav\u00e9s do nome, do n\u00famero de identifica\u00e7\u00e3o fiscal, de um dado de localiza\u00e7\u00e3o, de um identificador eletr\u00f3nico ou outros elementos que permitam chegar \u00e0 identifica\u00e7\u00e3o dessa pessoa singular. A informa\u00e7\u00e3o recolhida quando algu\u00e9m visita [&hellip;]<\/p>\n","protected":false},"author":2,"featured_media":0,"parent":0,"menu_order":0,"comment_status":"closed","ping_status":"closed","template":"templates\/cardealer-front-submission.php","meta":[],"yst_prominent_words":[],"_links":{"self":[{"href":"https:\/\/automanaiacar.com\/site\/wp-json\/wp\/v2\/pages\/7649"}],"collection":[{"href":"https:\/\/automanaiacar.com\/site\/wp-json\/wp\/v2\/pages"}],"about":[{"href":"https:\/\/automanaiacar.com\/site\/wp-json\/wp\/v2\/types\/page"}],"author":[{"embeddable":true,"href":"https:\/\/automanaiacar.com\/site\/wp-json\/wp\/v2\/users\/2"}],"replies":[{"embeddable":true,"href":"https:\/\/automanaiacar.com\/site\/wp-json\/wp\/v2\/comments?post=7649"}],"version-history":[{"count":0,"href":"https:\/\/automanaiacar.com\/site\/wp-json\/wp\/v2\/pages\/7649\/revisions"}],"wp:attachment":[{"href":"https:\/\/automanaiacar.com\/site\/wp-json\/wp\/v2\/media?parent=7649"}],"wp:term":[{"taxonomy":"yst_prominent_words","embeddable":true,"href":"https:\/\/automanaiacar.com\/site\/wp-json\/wp\/v2\/yst_prominent_words?post=7649"}],"curies":[{"name":"wp","href":"https:\/\/api.w.org\/{rel}","templated":true}]}}